{"id":5413,"date":"2017-04-03T22:33:59","date_gmt":"2017-04-03T20:33:59","guid":{"rendered":"http:\/\/new.siemck.pl\/?page_id=5413"},"modified":"2024-01-19T12:07:28","modified_gmt":"2024-01-19T11:07:28","slug":"uslugi-reklamowe","status":"publish","type":"page","link":"https:\/\/www.siemck.pl\/uslugi-reklamowe\/","title":{"rendered":"Us\u0142ugi reklamowe"},"content":{"rendered":"<p><strong><img loading=\"lazy\" class=\"size-medium wp-image-25210 aligncenter\" src=\"https:\/\/www.siemck.pl\/wp-content\/uploads\/image00005-300x400.jpeg\" alt=\"\" width=\"300\" height=\"400\" srcset=\"https:\/\/www.siemck.pl\/wp-content\/uploads\/image00005-300x400.jpeg 300w, https:\/\/www.siemck.pl\/wp-content\/uploads\/image00005-1500x2000.jpeg 1500w, https:\/\/www.siemck.pl\/wp-content\/uploads\/image00005-768x1024.jpeg 768w, https:\/\/www.siemck.pl\/wp-content\/uploads\/image00005-600x800.jpeg 600w, https:\/\/www.siemck.pl\/wp-content\/uploads\/image00005-1152x1536.jpeg 1152w, https:\/\/www.siemck.pl\/wp-content\/uploads\/image00005-1536x2048.jpeg 1536w, https:\/\/www.siemck.pl\/wp-content\/uploads\/image00005-scaled.jpeg 1920w\" sizes=\"(max-width: 300px) 100vw, 300px\" \/><\/strong><\/p>\n<p><strong>Zareklamuj si\u0119 w informatorze Siemianowickiego Centrum Kultury<\/strong><\/p>\n<p>Proponujemy Pa\u0144stwu zamieszczenie reklamy Pa\u0144stwa firmy w naszym informatorze.<\/p>\n<p><strong>Dlaczego warto?<\/strong><\/p>\n<p>Informator SCK to broszura z repertuarem wszystkich pi\u0119ciu oddzia\u0142\u00f3w Siemianowickiego Centrum Kultury. Wydawany jest raz na kwarta\u0142 w nak\u0142adzie 7000 tysi\u0119cy egzemplarzy.<\/p>\n<p>Informator jest dystrybuowany na terenie Siemianowic \u015al\u0105skich, we wszystkich dzielnicach miasta, w najwa\u017cniejszych i najcz\u0119\u015bciej odwiedzanych przez mieszka\u0144c\u00f3w miejscach, takich jak urz\u0119dy, instytucje kultury, biblioteki, szko\u0142y, punkty handlowo-us\u0142ugowe, przychodnie, restauracje i wiele innych.<\/p>\n<p>Informator SCK w 2024 roku:<\/p>\n<p><strong>NADK\u0141AD: <\/strong>7.000 egzemplarzy<strong><br \/>\nCYKL WYDAWNICZY: <\/strong>kwartalnik<br \/>\n<strong>FORMAT: <\/strong>21 x 396\/ \u0142amane do DL\\<br \/>\n<strong>DATY WYDA\u0143<\/strong>: 01.01.2024, 31.03.2024, 30.06.2024, 30.09.2024<\/p>\n<p>Wi\u0119cej informacji oraz kontakt w sprawie reklamy:<\/p>\n<p>Monika Pojda-Dzieko\u0144ska<\/p>\n<p>e-mail: sekretariat@siemck.pl<\/p>\n<p>telefon: 32 228 72 80 w. 21, kom. 604 437 803<\/p>\n<p>&nbsp;<\/p>\n","protected":false},"excerpt":{"rendered":"<p>Zareklamuj si\u0119 w informatorze Siemianowickiego Centrum Kultury Proponujemy Pa\u0144stwu zamieszczenie reklamy Pa\u0144stwa firmy w naszym informatorze. Dlaczego warto? Informator SCK to broszura z repertuarem wszystkich pi\u0119ciu oddzia\u0142\u00f3w Siemianowickiego Centrum Kultury. Wydawany jest raz na kwarta\u0142 w nak\u0142adzie 7000 tysi\u0119cy egzemplarzy. Informator jest dystrybuowany na terenie Siemianowic \u015al\u0105skich, we wszystkich dzielnicach miasta, w najwa\u017cniejszych i najcz\u0119\u015bciej [&hellip;]<\/p>\n","protected":false},"author":1,"featured_media":0,"parent":0,"menu_order":0,"comment_status":"closed","ping_status":"closed","template":"page_fullwidth.php","meta":[],"_links":{"self":[{"href":"https:\/\/www.siemck.pl\/wp-json\/wp\/v2\/pages\/5413"}],"collection":[{"href":"https:\/\/www.siemck.pl\/wp-json\/wp\/v2\/pages"}],"about":[{"href":"https:\/\/www.siemck.pl\/wp-json\/wp\/v2\/types\/page"}],"author":[{"embeddable":true,"href":"https:\/\/www.siemck.pl\/wp-json\/wp\/v2\/users\/1"}],"replies":[{"embeddable":true,"href":"https:\/\/www.siemck.pl\/wp-json\/wp\/v2\/comments?post=5413"}],"version-history":[{"count":11,"href":"https:\/\/www.siemck.pl\/wp-json\/wp\/v2\/pages\/5413\/revisions"}],"predecessor-version":[{"id":25212,"href":"https:\/\/www.siemck.pl\/wp-json\/wp\/v2\/pages\/5413\/revisions\/25212"}],"wp:attachment":[{"href":"https:\/\/www.siemck.pl\/wp-json\/wp\/v2\/media?parent=5413"}],"curies":[{"name":"wp","href":"https:\/\/api.w.org\/{rel}","templated":true}]}}