{"id":5274,"date":"2017-04-03T17:34:20","date_gmt":"2017-04-03T15:34:20","guid":{"rendered":"http:\/\/new.siemck.pl\/?page_id=5274"},"modified":"2017-04-04T14:04:42","modified_gmt":"2017-04-04T12:04:42","slug":"wynajem-naglosnienia","status":"publish","type":"page","link":"https:\/\/www.siemck.pl\/wynajem-naglosnienia\/","title":{"rendered":"Wynajem nag\u0142o\u015bnienia"},"content":{"rendered":"<p>[vc_row][vc_column width=&#8221;1\/2&#8243;][vc_column_text]<a href=\"\/wp-content\/uploads\/Sprzet_audiowizualny_SCK_Bytkow.pdf\" target=\"_blank\">Lista sprz\u0119tu audiowizualnego na wyposa\u017ceniu SCK Bytk\u00f3w<\/a><\/p>\n<p><a href=\"\/wp-content\/uploads\/Sprzet_audiowizualny_SCK_Park_Tradycji.pdf\" target=\"_blank\">Lista sprz\u0119tu audiowizualnego na wyposa\u017ceniu SCK Park Tradycji<\/a><\/p>\n<p><a href=\"\/wp-content\/uploads\/Sprzet_audiowizualny_SCK_Willa_Fitznera.pdf\" target=\"_blank\">Lista sprz\u0119tu audiowizualnego na wyposa\u017ceniu SCK Willa Fitznera<\/a>[\/vc_column_text][\/vc_column][vc_column width=&#8221;1\/2&#8243;][vc_column_text]<a href=\"\/wp-content\/uploads\/Sprzet_audiowizualny_SCK_Zameczek.pdf\" target=\"_blank\">Lista sprz\u0119tu audiowizualnego na wyposa\u017ceniu\u00a0SCK Zameczek<\/a><\/p>\n<p><a href=\"\/wp-content\/uploads\/Sprzet_audiowizualny_SCK_Jarzebina.pdf\" target=\"_blank\">Lista sprz\u0119tu audiowizualnego na wyposa\u017ceniu\u00a0SCK Jarzebina<\/a>[\/vc_column_text][\/vc_column][\/vc_row]<\/p>\n","protected":false},"excerpt":{"rendered":"<p>[vc_row][vc_column width=&#8221;1\/2&#8243;][vc_column_text]Lista sprz\u0119tu audiowizualnego na wyposa\u017ceniu SCK Bytk\u00f3w Lista sprz\u0119tu audiowizualnego na wyposa\u017ceniu SCK Park Tradycji Lista sprz\u0119tu audiowizualnego na wyposa\u017ceniu SCK Willa Fitznera[\/vc_column_text][\/vc_column][vc_column width=&#8221;1\/2&#8243;][vc_column_text]Lista sprz\u0119tu audiowizualnego na wyposa\u017ceniu\u00a0SCK Zameczek Lista sprz\u0119tu audiowizualnego na wyposa\u017ceniu\u00a0SCK Jarzebina[\/vc_column_text][\/vc_column][\/vc_row]<\/p>\n","protected":false},"author":1,"featured_media":0,"parent":0,"menu_order":0,"comment_status":"closed","ping_status":"closed","template":"page_fullwidth.php","meta":[],"_links":{"self":[{"href":"https:\/\/www.siemck.pl\/wp-json\/wp\/v2\/pages\/5274"}],"collection":[{"href":"https:\/\/www.siemck.pl\/wp-json\/wp\/v2\/pages"}],"about":[{"href":"https:\/\/www.siemck.pl\/wp-json\/wp\/v2\/types\/page"}],"author":[{"embeddable":true,"href":"https:\/\/www.siemck.pl\/wp-json\/wp\/v2\/users\/1"}],"replies":[{"embeddable":true,"href":"https:\/\/www.siemck.pl\/wp-json\/wp\/v2\/comments?post=5274"}],"version-history":[{"count":3,"href":"https:\/\/www.siemck.pl\/wp-json\/wp\/v2\/pages\/5274\/revisions"}],"predecessor-version":[{"id":5470,"href":"https:\/\/www.siemck.pl\/wp-json\/wp\/v2\/pages\/5274\/revisions\/5470"}],"wp:attachment":[{"href":"https:\/\/www.siemck.pl\/wp-json\/wp\/v2\/media?parent=5274"}],"curies":[{"name":"wp","href":"https:\/\/api.w.org\/{rel}","templated":true}]}}