{"id":5256,"date":"2017-04-03T16:09:19","date_gmt":"2017-04-03T14:09:19","guid":{"rendered":"http:\/\/new.siemck.pl\/?page_id=5256"},"modified":"2025-12-23T14:41:12","modified_gmt":"2025-12-23T13:41:12","slug":"dokumenty-do-pobrania","status":"publish","type":"page","link":"https:\/\/www.siemck.pl\/dokumenty-do-pobrania\/","title":{"rendered":"Dokumenty do pobrania"},"content":{"rendered":"<p>[vc_row][vc_column][vc_column_text]<\/p>\n<h3>Regulaminy obiekt\u00f3w SCK:<\/h3>\n<p>&nbsp;<\/p>\n<p><strong>SCK- Bytk\u00f3w:<\/strong> <a href=\"https:\/\/www.siemck.pl\/wp-content\/uploads\/Regulamin-Siemianowickiego-Centrum-Kultury-ul.-Niepodleglosci-45.pdf\">Regulamin Siemianowickiego Centrum Kultury ul. Niepodleg\u0142o\u015bci 45<\/a><\/p>\n<p><strong>Regulamin sali baletowej SCK- Bytk\u00f3w<\/strong>: <a href=\"https:\/\/www.siemck.pl\/wp-content\/uploads\/Regulamin-korzystania-z-sali-baletowej-SCK-Bytk\u00f3w.pdf\">Regulamin korzystania z sali baletowej SCK- Bytk\u00f3w<\/a><\/p>\n<p><strong>Regulamin Amfiteatru w Parku Miejskim:<\/strong> <a href=\"https:\/\/www.siemck.pl\/wp-content\/uploads\/Regulamin-amfiteatru-miejskiego-1.pdf\">Regulamin amfiteatru miejskiego<\/a><\/p>\n<p><strong>SCK &#8211; Zameczek:<\/strong> <a href=\"https:\/\/www.siemck.pl\/wp-content\/uploads\/Regulamin-Siemianowickiego-Centrum-Kultury-Zameczek.pdf\">Regulamin Siemianowickiego Centrum Kultury &#8211; Zameczek<\/a><\/p>\n<p><strong>SCK- Willa Fitznera:<\/strong> <a href=\"https:\/\/www.siemck.pl\/wp-content\/uploads\/SKMBT_C28022030213390.pdf\">Regulamin SCK- Willa Fitznera w trakcie zagro\u017cenia epidemicznego<\/a><\/p>\n<p><strong>SCK- Jarz\u0119bina:<\/strong> <a href=\"https:\/\/www.siemck.pl\/wp-content\/uploads\/Jarz\u0119bina.pdf\"> Regulamin SCK- Jarz\u0119bina w trakcie zagro\u017cenia epidemicznego<\/a><\/p>\n<p><strong>SCK- Park Tradycji<\/strong>: <a href=\"https:\/\/www.siemck.pl\/wp-content\/uploads\/REGULAMIN-BUDYNKU-2024.pdf\">Regulamin korzystania z budynku SCK- Park Tradycji<\/a><\/p>\n<p><strong>Regulamin Pracowni H2O:<\/strong>\u00a0<a href=\"https:\/\/siemck.pl\/wp-content\/uploads\/Pracownia-H2O.pdf\">Pracownia H2O<\/a><\/p>\n<p>&nbsp;<\/p>\n<p><strong>Regulamin &#8222;Suchego basenu&#8221;<\/strong>:\u00a0<a href=\"http:\/\/siemck.pl\/wp-content\/uploads\/Suchy-Basen-regulamin-dmucha\u0144ca.pdf\">Suchy Basen &#8211; regulamin dmucha\u0144ca<\/a><\/p>\n<p><strong>Regulamin &#8222;Mini Zamku&#8221;<\/strong>:\u00a0<a href=\"http:\/\/siemck.pl\/wp-content\/uploads\/Mini-Zamek-Dmuchany-regulamin-dmucha\u0144ca.pdf\">Mini Zamek Dmuchany &#8211; regulamin dmucha\u0144ca<\/a><\/p>\n<p><strong>Regulamin korzystania z si\u0142owni zewn\u0119trznej, Parku &#8222;Akcji i Reakcji&#8221; oraz Street Workout Park:<\/strong>\u00a0<a href=\"https:\/\/siemck.pl\/wp-content\/uploads\/Regulamin-si\u0142owni-Parku-Akcji-i-reakcji-Street-Workout-Park.pdf\">\u00a0 Regulamin si\u0142owni, Parku Akcji i Reakcji, Street Workout Park<\/a><\/p>\n<p>&nbsp;<\/p>\n<h3>Sprzeda\u017c bilet\u00f3w<\/h3>\n<p><a href=\"https:\/\/www.siemck.pl\/wp-content\/uploads\/3.Z.25-Regulamin-sprzedeazy-biletow-indywidualnych-i-grupowych.pdf\">3.Z.25 Regulamin sprzedea\u017cy bilet\u00f3w indywidualnych i grupowych<\/a><\/p>\n<p><a href=\"https:\/\/www.siemck.pl\/wp-content\/uploads\/4.Z.25-Regulamin-sprzedazy-biletow-on-line.pdf\">4.Z.25 Regulamin sprzeda\u017cy bilet\u00f3w on-line<\/a><\/p>\n<p>&nbsp;<\/p>\n<p>&nbsp;<\/p>\n<h3>Wynajem obiekt\u00f3w oraz sprz\u0119tu<\/h3>\n<p><a href=\"https:\/\/www.siemck.pl\/wp-content\/uploads\/Cennik-wynajmu-pomieszczen-Siemianowickiego-Centrum-Kultury-na-rok-2024.pdf\">Cennik wynajmu pomieszcze\u0144 Siemianowickiego Centrum Kultury obowi\u0105zuj\u0105cy od 01.02.2024 r.<\/a><br \/>\n<a href=\"https:\/\/www.siemck.pl\/wp-content\/uploads\/11.Z.25-cennik-najmu.pdf\">Cennik wynajmu pomieszcze\u0144 i sprz\u0119tu Siemianowickiego Centrum Kultury obowi\u0105zuj\u0105cy od 01.01.2026 r.<\/a><\/p>\n<p><a href=\"\/wp-content\/uploads\/Sprzet_audiowizualny_SCK_Bytkow.pdf\" target=\"_blank\" rel=\"noopener noreferrer\">Lista sprz\u0119tu audiowizualnego na wyposa\u017ceniu SCK Bytk\u00f3w<\/a><\/p>\n<p><a href=\"\/wp-content\/uploads\/Sprzet_audiowizualny_SCK_Park_Tradycji.pdf\" target=\"_blank\" rel=\"noopener noreferrer\">Lista sprz\u0119tu audiowizualnego na wyposa\u017ceniu SCK Park Tradycji<\/a><\/p>\n<p><a href=\"\/wp-content\/uploads\/Sprzet_audiowizualny_SCK_Willa_Fitznera.pdf\" target=\"_blank\" rel=\"noopener noreferrer\">Lista sprz\u0119tu audiowizualnego na wyposa\u017ceniu SCK Willa Fitznera<\/a>[\/vc_column_text][\/vc_column][vc_column width=&#8221;1\/2&#8243;][vc_column_text]<\/p>\n<p><a href=\"\/wp-content\/uploads\/Sprzet_audiowizualny_SCK_Zameczek.pdf\" target=\"_blank\" rel=\"noopener noreferrer\">Lista sprz\u0119tu audiowizualnego na wyposa\u017ceniu\u00a0SCK Zameczek<\/a><\/p>\n<p><a href=\"\/wp-content\/uploads\/Sprzet_audiowizualny_SCK_Jarzebina.pdf\" target=\"_blank\" rel=\"noopener noreferrer\">Lista sprz\u0119tu audiowizualnego na wyposa\u017ceniu\u00a0SCK Jarzebina<\/a><\/p>\n<p><a href=\"\/wp-content\/uploads\/Scena_SCK_Amfiteatr.pdf\" target=\"_blank\" rel=\"noopener noreferrer\">Plan sceny Amfiteatru w formacie PDF<\/a>[\/vc_column_text][\/vc_column][\/vc_row][vc_row][vc_column][vc_separator][\/vc_column][\/vc_row][vc_row][vc_column][vc_column_text]<\/p>\n<p><a href=\"https:\/\/www.siemck.pl\/wp-content\/uploads\/6.Z.24-Polityka-oraz-procedury-ochrony-dzieci-przed-krzywdzeniem.pdf\">Polityka oraz procedury ochrony dzieci przed krzywdzeniem w Siemianowickim Centrum Kultury<\/a><\/p>\n<p><a href=\"https:\/\/www.siemck.pl\/wp-content\/uploads\/6.Z.25-Procedura-zglaszania-naruszen-prawa.pdf\">Procedura dokonywania zg\u0142osze\u0144 narusze\u0144 prawa i podejmowania dzia\u0142a\u0144 nast\u0119pczych w Siemianowickim Centrum Kultury<\/a><\/p>\n","protected":false},"excerpt":{"rendered":"<p>[vc_row][vc_column][vc_column_text] Regulaminy obiekt\u00f3w SCK: &nbsp; SCK- Bytk\u00f3w: Regulamin Siemianowickiego Centrum Kultury ul. Niepodleg\u0142o\u015bci 45 Regulamin sali baletowej SCK- Bytk\u00f3w: Regulamin korzystania z sali baletowej SCK- Bytk\u00f3w Regulamin Amfiteatru w Parku Miejskim: Regulamin amfiteatru miejskiego SCK &#8211; Zameczek: Regulamin Siemianowickiego Centrum Kultury &#8211; Zameczek SCK- Willa Fitznera: Regulamin SCK- Willa Fitznera w trakcie zagro\u017cenia epidemicznego SCK- [&hellip;]<\/p>\n","protected":false},"author":1,"featured_media":0,"parent":0,"menu_order":0,"comment_status":"closed","ping_status":"closed","template":"page_fullwidth.php","meta":[],"_links":{"self":[{"href":"https:\/\/www.siemck.pl\/wp-json\/wp\/v2\/pages\/5256"}],"collection":[{"href":"https:\/\/www.siemck.pl\/wp-json\/wp\/v2\/pages"}],"about":[{"href":"https:\/\/www.siemck.pl\/wp-json\/wp\/v2\/types\/page"}],"author":[{"embeddable":true,"href":"https:\/\/www.siemck.pl\/wp-json\/wp\/v2\/users\/1"}],"replies":[{"embeddable":true,"href":"https:\/\/www.siemck.pl\/wp-json\/wp\/v2\/comments?post=5256"}],"version-history":[{"count":91,"href":"https:\/\/www.siemck.pl\/wp-json\/wp\/v2\/pages\/5256\/revisions"}],"predecessor-version":[{"id":30032,"href":"https:\/\/www.siemck.pl\/wp-json\/wp\/v2\/pages\/5256\/revisions\/30032"}],"wp:attachment":[{"href":"https:\/\/www.siemck.pl\/wp-json\/wp\/v2\/media?parent=5256"}],"curies":[{"name":"wp","href":"https:\/\/api.w.org\/{rel}","templated":true}]}}