{"id":4822,"date":"2017-03-31T05:54:32","date_gmt":"2017-03-31T03:54:32","guid":{"rendered":"http:\/\/new.siemck.pl\/?page_id=4822"},"modified":"2026-01-15T13:09:14","modified_gmt":"2026-01-15T12:09:14","slug":"kontakt","status":"publish","type":"page","link":"https:\/\/www.siemck.pl\/kontakt\/","title":{"rendered":"Kontakt"},"content":{"rendered":"<p>[vc_row][vc_column width=&#8221;1\/3&#8243;][vc_column_text]<\/p>\n<h3 style=\"text-align: center;\">SCK Bytk\u00f3w &#8211; Centrala<\/h3>\n<p style=\"text-align: center;\">ul. Niepodleg\u0142o\u015bci 45,\u00a041-106 Siemianowice \u015al.<\/p>\n<p style=\"text-align: center;\"><strong>tel.\u00a032 228 72 80<\/strong><\/p>\n<p style=\"text-align: center;\"><a href=\"mailto:sekretariat@siemck.pl\">sekretariat@siemck.pl<\/a>\u00a0| <a href=\"\/bytkow\/\">Strona WWW<\/a><\/p>\n<p style=\"text-align: center;\">e-Dor\u0119czenia: <strong>AE:PL-41094-59446-DHSSB-16<\/strong><\/p>\n<p>[\/vc_column_text][\/vc_column][vc_column width=&#8221;1\/3&#8243;][vc_column_text]<\/p>\n<h3 style=\"text-align: center;\">SCK Park Tradycji<\/h3>\n<p style=\"text-align: center;\">ul. E. Orzeszkowej 12,\u00a041-103\u00a0Siemianowice \u015al.<\/p>\n<p style=\"text-align: center;\"><strong>tel. 32 765 27 40<\/strong><\/p>\n<p style=\"text-align: center;\"><a href=\"mailto:parktradycji@siemck.pl\">parktradycji@siemck.pl<\/a> | <a href=\"\/park-tradycji\/\">Strona WWW<\/a><\/p>\n<p>[\/vc_column_text][\/vc_column][vc_column width=&#8221;1\/3&#8243;][vc_column_text]<\/p>\n<h3 style=\"text-align: center;\">SCK Willa Fitznera<\/h3>\n<p style=\"text-align: center;\">ul. Fitzner\u00f3w 3,\u00a041- 100 Siemianowice \u015al.<\/p>\n<p style=\"text-align: center;\"><strong>tel.\u00a032 763 27 34<\/strong><\/p>\n<p style=\"text-align: center;\"><a href=\"mailto:willafitznera@siemck.pl\">willafitznera@siemck.pl<\/a> | <a href=\"\/willa-fitznera\/\">Strona WWW<\/a><\/p>\n<p>[\/vc_column_text][\/vc_column][\/vc_row][vc_row][vc_column width=&#8221;1\/3&#8243;][vc_column_text]<\/p>\n<h3 style=\"text-align: center;\">SCK Zameczek<\/h3>\n<p style=\"text-align: center;\">ul. O\u015bwi\u0119cimska 1\u00a041-103, Siemianowice \u015al.<\/p>\n<p style=\"text-align: center;\"><strong>tel. 32 204 11 27<\/strong><\/p>\n<p style=\"text-align: center;\"><a href=\"mailto:zameczek@siemck.pl\">zameczek@siemck.pl<\/a> | <a href=\"\/zameczek\/\">Strona WWW<\/a><\/p>\n<p>[\/vc_column_text][\/vc_column][vc_column width=&#8221;1\/3&#8243;][vc_column_text]<\/p>\n<h3 style=\"text-align: center;\">SCK Jarz\u0119bina<\/h3>\n<p style=\"text-align: center;\">ul. Wierzbowa 2,\u00a041-100 Siemianowice \u015al.<\/p>\n<p style=\"text-align: center;\"><strong>tel.\u00a032 228 48 46<\/strong><\/p>\n<p style=\"text-align: center;\"><a href=\"mailto:jarzebina@siemck.pl\">jarzebina@siemck.pl<\/a> | <a href=\"\/jarzebina\/\">Strona WWW<\/a><\/p>\n<p>[\/vc_column_text][\/vc_column][vc_column width=&#8221;1\/3&#8243;][vc_column_text]<\/p>\n<h3 style=\"text-align: center;\">SCK Amfiteatr<\/h3>\n<p style=\"text-align: center;\">ul. Chopina,\u00a041-100,\u00a0Siemianowice \u015al.<\/p>\n<p style=\"text-align: center;\"><strong>tel. 32 355 58 21<\/strong><\/p>\n<p style=\"text-align: center;\"><a href=\"mailto:sekretariat@siemck.pl\">sekretariat@siemck.pl<\/a>\u00a0| <a href=\"\/amfiteatr\/\">Strona WWW<\/a><\/p>\n<p>[\/vc_column_text][\/vc_column][\/vc_row][vc_row][vc_column][vc_separator css=&#8221;.vc_custom_1491079863169{padding-top: 10px !important;padding-bottom: 10px !important;}&#8221;][\/vc_column][\/vc_row][vc_row][vc_column][vc_gmaps link=&#8221;#E-8_JTNDaWZyYW1lJTIwc3JjJTNEJTIyaHR0cHMlM0ElMkYlMkZ3d3cuZ29vZ2xlLmNvbSUyRm1hcHMlMkZlbWJlZCUzRnBiJTNEJTIxMW0xOCUyMTFtMTIlMjExbTMlMjExZDI1NDguNDIwNTI3NjU0MzMzNSUyMTJkMTkuMDA0MjM5MzE2MDcyNzElMjEzZDUwLjMwMjc0Mzg3OTQ1NTMzJTIxMm0zJTIxMWYwJTIxMmYwJTIxM2YwJTIxM20yJTIxMWkxMDI0JTIxMmk3NjglMjE0ZjEzLjElMjEzbTMlMjExbTIlMjExczB4NDcxNmQxZjUyMTUyOWJhMyUyNTNBMHg0OTkzYjk5MzJkZDMzMTUwJTIxMnpUbWxsY0c5a2JHVm54WUp2eFp0amFTQTBOU3dnVTJsbGJXbGhibTkzYVdObElNV2FiTVNGYzJ0cFpRJTIxNWUwJTIxM20yJTIxMXNwbCUyMTJzcGwlMjE0djE0OTA5MzI4ODI2OTYlMjIlMjB3aWR0aCUzRCUyMjExNDAlMjIlMjBoZWlnaHQlM0QlMjIzMDAlMjIlMjBmcmFtZWJvcmRlciUzRCUyMjAlMjIlMjBzdHlsZSUzRCUyMmJvcmRlciUzQTAlMjIlMjBhbGxvd2Z1bGxzY3JlZW4lM0UlM0MlMkZpZnJhbWUlM0U=&#8221;][\/vc_column][\/vc_row]<\/p>\n","protected":false},"excerpt":{"rendered":"<p>[vc_row][vc_column width=&#8221;1\/3&#8243;][vc_column_text] SCK Bytk\u00f3w &#8211; Centrala ul. Niepodleg\u0142o\u015bci 45,\u00a041-106 Siemianowice \u015al. tel.\u00a032 228 72 80 sekretariat@siemck.pl\u00a0| Strona WWW e-Dor\u0119czenia: AE:PL-41094-59446-DHSSB-16 [\/vc_column_text][\/vc_column][vc_column width=&#8221;1\/3&#8243;][vc_column_text] SCK Park Tradycji ul. E. Orzeszkowej 12,\u00a041-103\u00a0Siemianowice \u015al. tel. 32 765 27 40 parktradycji@siemck.pl | Strona WWW [\/vc_column_text][\/vc_column][vc_column width=&#8221;1\/3&#8243;][vc_column_text] SCK Willa Fitznera ul. Fitzner\u00f3w 3,\u00a041- 100 Siemianowice \u015al. tel.\u00a032 763 27 34 willafitznera@siemck.pl [&hellip;]<\/p>\n","protected":false},"author":1,"featured_media":0,"parent":0,"menu_order":0,"comment_status":"closed","ping_status":"closed","template":"page_fullwidth.php","meta":[],"_links":{"self":[{"href":"https:\/\/www.siemck.pl\/wp-json\/wp\/v2\/pages\/4822"}],"collection":[{"href":"https:\/\/www.siemck.pl\/wp-json\/wp\/v2\/pages"}],"about":[{"href":"https:\/\/www.siemck.pl\/wp-json\/wp\/v2\/types\/page"}],"author":[{"embeddable":true,"href":"https:\/\/www.siemck.pl\/wp-json\/wp\/v2\/users\/1"}],"replies":[{"embeddable":true,"href":"https:\/\/www.siemck.pl\/wp-json\/wp\/v2\/comments?post=4822"}],"version-history":[{"count":41,"href":"https:\/\/www.siemck.pl\/wp-json\/wp\/v2\/pages\/4822\/revisions"}],"predecessor-version":[{"id":30102,"href":"https:\/\/www.siemck.pl\/wp-json\/wp\/v2\/pages\/4822\/revisions\/30102"}],"wp:attachment":[{"href":"https:\/\/www.siemck.pl\/wp-json\/wp\/v2\/media?parent=4822"}],"curies":[{"name":"wp","href":"https:\/\/api.w.org\/{rel}","templated":true}]}}