{"id":4624,"date":"2017-03-30T16:12:42","date_gmt":"2017-03-30T14:12:42","guid":{"rendered":"http:\/\/new.siemck.pl\/?page_id=4624"},"modified":"2017-10-09T10:32:46","modified_gmt":"2017-10-09T08:32:46","slug":"magicdance","status":"publish","type":"page","link":"https:\/\/www.siemck.pl\/magicdance\/","title":{"rendered":"Magic Dance"},"content":{"rendered":"<p>&nbsp;<\/p>\n<p>Zaj\u0119cia dla najstarszej grupy r\u00f3\u017cni\u0105 si\u0119 poziomem trudno\u015bci od poprzednich grup.\u00a0Du\u017c\u0105 uwag\u0119 zwracamy na technik\u0119 oraz izolacje w ciele.Zaj\u0119cia taneczne to wybuchowa mieszanka \u00a0r\u00f3\u017cnych styl\u00f3w tanecznych m.in. hip- hop, jazz, disco- dance. Podczas zaj\u0119\u0107 poza wysi\u0142kiem fizycznym \u00a0dominuje dobra zabawa i niebywale pozytywna energia. Du\u017cy nacisk k\u0142adziony jest na rozw\u00f3j og\u00f3lnej sprawno\u015bci fizycznej. Chorografie wymagaj\u0105 wi\u0119kszego zaanga\u017cowania i skupienia.<\/p>\n<p>Program zaj\u0119\u0107 oparty jest na elementach ta\u0144ca nowoczesnego, hip-hopu, \u0142\u0105cz\u0105c techniki zaczerpni\u0119te z innych styl\u00f3w tanecznych.\u00a0Podczas zaj\u0119\u0107 dzieci ucz\u0105 si\u0119 uk\u0142ad\u00f3w tanecznych, kt\u00f3re poprawiaj\u0105 koordynacj\u0119 ruchow\u0105 i pami\u0119\u0107 ruchowo \u2013 taneczn\u0105, jak r\u00f3wnie\u017c rozwijaj\u0105 zdolno\u015bci artystyczne dzieci. Poziom dostosowany jest do danej grupy wiekowej, a poprzez gry i zabawy\u00a0ruchowe, kroki i choreografie taneczne s\u0105 \u0142atwiejsze do opanowania. Zaj\u0119cia daj\u0105 dobr\u0105 baz\u0119 do nauki bardziej zaawansowanego\u00a0ta\u0144ca w przysz\u0142o\u015bci.Dzieci uczestnicz\u0105 w zaj\u0119ciach bez rodzic\u00f3w.\u00a0Obowi\u0105zuje wygodny str\u00f3j, buciki na zmian\u0119 na gumowej mi\u0119kkiej podeszwie i nap\u00f3j oraz upi\u0119te w\u0142osy.<\/p>\n<p>Efekty pracy dzieci b\u0119d\u0105 widoczne na pokazach i wyst\u0119pach okoliczno\u015bciowych.<\/p>\n<p>&nbsp;<\/p>\n<hr \/>\n<p><a href=\"https:\/\/siemck.pl\/wp-content\/uploads\/Harmonogram_zajec.pdf\" target=\"_blank\" rel=\"noopener noreferrer\">Harmonogram zaj\u0119\u0107 w formacie PDF<\/a>\u00a0| <a href=\"\/wp-content\/uploads\/cennik_zajec.pdf\" target=\"_blank\" rel=\"noopener noreferrer\">Cennik zaj\u0119\u0107 w formacie PDF<\/a><\/p>\n","protected":false},"excerpt":{"rendered":"<p>&nbsp; Zaj\u0119cia dla najstarszej grupy r\u00f3\u017cni\u0105 si\u0119 poziomem trudno\u015bci od poprzednich grup.\u00a0Du\u017c\u0105 uwag\u0119 zwracamy na technik\u0119 oraz izolacje w ciele.Zaj\u0119cia taneczne to wybuchowa mieszanka \u00a0r\u00f3\u017cnych styl\u00f3w tanecznych m.in. hip- hop, jazz, disco- dance. Podczas zaj\u0119\u0107 poza wysi\u0142kiem fizycznym \u00a0dominuje dobra zabawa i niebywale pozytywna energia. Du\u017cy nacisk k\u0142adziony jest na rozw\u00f3j og\u00f3lnej sprawno\u015bci fizycznej. Chorografie [&hellip;]<\/p>\n","protected":false},"author":1,"featured_media":6681,"parent":0,"menu_order":0,"comment_status":"closed","ping_status":"closed","template":"page_fullwidth.php","meta":[],"_links":{"self":[{"href":"https:\/\/www.siemck.pl\/wp-json\/wp\/v2\/pages\/4624"}],"collection":[{"href":"https:\/\/www.siemck.pl\/wp-json\/wp\/v2\/pages"}],"about":[{"href":"https:\/\/www.siemck.pl\/wp-json\/wp\/v2\/types\/page"}],"author":[{"embeddable":true,"href":"https:\/\/www.siemck.pl\/wp-json\/wp\/v2\/users\/1"}],"replies":[{"embeddable":true,"href":"https:\/\/www.siemck.pl\/wp-json\/wp\/v2\/comments?post=4624"}],"version-history":[{"count":6,"href":"https:\/\/www.siemck.pl\/wp-json\/wp\/v2\/pages\/4624\/revisions"}],"predecessor-version":[{"id":7180,"href":"https:\/\/www.siemck.pl\/wp-json\/wp\/v2\/pages\/4624\/revisions\/7180"}],"wp:featuredmedia":[{"embeddable":true,"href":"https:\/\/www.siemck.pl\/wp-json\/wp\/v2\/media\/6681"}],"wp:attachment":[{"href":"https:\/\/www.siemck.pl\/wp-json\/wp\/v2\/media?parent=4624"}],"curies":[{"name":"wp","href":"https:\/\/api.w.org\/{rel}","templated":true}]}}