{"id":4613,"date":"2017-03-30T16:00:14","date_gmt":"2017-03-30T14:00:14","guid":{"rendered":"http:\/\/new.siemck.pl\/?page_id=4613"},"modified":"2018-02-27T09:46:47","modified_gmt":"2018-02-27T08:46:47","slug":"denuo","status":"publish","type":"page","link":"https:\/\/www.siemck.pl\/denuo\/","title":{"rendered":"Ch\u00f3r Denuo"},"content":{"rendered":"<p>&nbsp;<\/p>\n<p>Ch\u00f3r rozpocz\u0105\u0142 dzia\u0142alno\u015b\u0107 w styczniu 2015 roku. Jest to ch\u00f3r mieszany dla os\u00f3b doros\u0142ych. Zespo\u0142em kieruje do\u015bwiadczony dyrygent, artysta Ch\u00f3ru Filharmonii \u015al\u0105skiej \u2013 Adrian Lewandowski. Ch\u00f3r wykonuje nie tylko repertuar sakralny, komponowany z my\u015bl\u0105 o wykonaniach ch\u00f3ralnych, ale r\u00f3wnie\u017c utwory muzyki rozrywkowej zaaran\u017cowane na \u015bpiew wielog\u0142osowy.<\/p>\n<p>Zaj\u0119cia ch\u00f3ru zawieszone do odwo\u0142ania.<\/p>\n<p>&nbsp;<\/p>\n<hr \/>\n<p><a href=\"https:\/\/siemck.pl\/wp-content\/uploads\/Harmonogram_zajec.pdf\" target=\"_blank\" rel=\"noopener noreferrer\">Harmonogram zaj\u0119\u0107 w formacie PDF<\/a>\u00a0| <a href=\"\/wp-content\/uploads\/cennik_zajec.pdf\" target=\"_blank\" rel=\"noopener noreferrer\">Cennik zaj\u0119\u0107 w formacie PDF<\/a><\/p>\n<p>&nbsp;<\/p>\n","protected":false},"excerpt":{"rendered":"<p>&nbsp; Ch\u00f3r rozpocz\u0105\u0142 dzia\u0142alno\u015b\u0107 w styczniu 2015 roku. Jest to ch\u00f3r mieszany dla os\u00f3b doros\u0142ych. Zespo\u0142em kieruje do\u015bwiadczony dyrygent, artysta Ch\u00f3ru Filharmonii \u015al\u0105skiej \u2013 Adrian Lewandowski. Ch\u00f3r wykonuje nie tylko repertuar sakralny, komponowany z my\u015bl\u0105 o wykonaniach ch\u00f3ralnych, ale r\u00f3wnie\u017c utwory muzyki rozrywkowej zaaran\u017cowane na \u015bpiew wielog\u0142osowy. Zaj\u0119cia ch\u00f3ru zawieszone do odwo\u0142ania. &nbsp; Harmonogram zaj\u0119\u0107 [&hellip;]<\/p>\n","protected":false},"author":1,"featured_media":4501,"parent":0,"menu_order":0,"comment_status":"closed","ping_status":"closed","template":"page_fullwidth.php","meta":[],"_links":{"self":[{"href":"https:\/\/www.siemck.pl\/wp-json\/wp\/v2\/pages\/4613"}],"collection":[{"href":"https:\/\/www.siemck.pl\/wp-json\/wp\/v2\/pages"}],"about":[{"href":"https:\/\/www.siemck.pl\/wp-json\/wp\/v2\/types\/page"}],"author":[{"embeddable":true,"href":"https:\/\/www.siemck.pl\/wp-json\/wp\/v2\/users\/1"}],"replies":[{"embeddable":true,"href":"https:\/\/www.siemck.pl\/wp-json\/wp\/v2\/comments?post=4613"}],"version-history":[{"count":10,"href":"https:\/\/www.siemck.pl\/wp-json\/wp\/v2\/pages\/4613\/revisions"}],"predecessor-version":[{"id":8014,"href":"https:\/\/www.siemck.pl\/wp-json\/wp\/v2\/pages\/4613\/revisions\/8014"}],"wp:featuredmedia":[{"embeddable":true,"href":"https:\/\/www.siemck.pl\/wp-json\/wp\/v2\/media\/4501"}],"wp:attachment":[{"href":"https:\/\/www.siemck.pl\/wp-json\/wp\/v2\/media?parent=4613"}],"curies":[{"name":"wp","href":"https:\/\/api.w.org\/{rel}","templated":true}]}}