{"id":3783,"date":"2017-03-27T08:49:20","date_gmt":"2017-03-27T06:49:20","guid":{"rendered":"http:\/\/new.siemck.pl\/?page_id=3783"},"modified":"2022-10-18T12:12:28","modified_gmt":"2022-10-18T10:12:28","slug":"logotypy","status":"publish","type":"page","link":"https:\/\/www.siemck.pl\/logotypy\/","title":{"rendered":"Logotypy do pobrania"},"content":{"rendered":"<p>[vc_row][vc_column][vc_column_text]Nasz logotyp wyst\u0119puje w czterech wersjach. Przed u\u017cyciem logotypu prosimy o <a href=\"\/bytkow\/\">kontakt<\/a>\u00a0z dzia\u0142em marketingu SCK w celu ustalenia, kt\u00f3ra wersja logotypu mo\u017ce zosta\u0107 wykorzystana.\u00a0Poni\u017cej znajduj\u0105 si\u0119 linki do\u00a0pobrania ka\u017cdej wersji oddzielnie lub mo\u017cna pobra\u0107 ca\u0142y zestaw (2 MB)\u00a0<a href=\"\/wp-content\/uploads\/sck_logotypy.zip\">klikaj\u0105c w ten link<\/a>.[\/vc_column_text][vc_separator][\/vc_column][\/vc_row][vc_row][vc_column width=&#8221;1\/3&#8243;][vc_column_text]<\/p>\n<h3>SCK Poziomo 1<\/h3>\n<p><a href=\"\/wp-content\/uploads\/sck_poziom1.jpg\" target=\"_blank\" rel=\"noopener\">Pobierz w formacie JPG<\/a><\/p>\n<p><a href=\"\/wp-content\/uploads\/sck_poziom1.png\" target=\"_blank\" rel=\"noopener\">Pobierz w formacie PNG<\/a><\/p>\n<p><a href=\"\/wp-content\/uploads\/sck_poziom1.pdf\" target=\"_blank\" rel=\"noopener\">Pobierz w formacie PDF<\/a><\/p>\n<p><a href=\"\/wp-content\/uploads\/sck_poziom1.zip\">Pobierz wszystkie ZIP<\/a>[\/vc_column_text][\/vc_column][vc_column width=&#8221;2\/3&#8243;][vc_column_text]<img loading=\"lazy\" class=\"aligncenter wp-image-5076 size-full\" src=\"http:\/\/new.siemck.pl\/wp-content\/uploads\/poziom1.png\" alt=\"\" width=\"683\" height=\"170\" srcset=\"https:\/\/www.siemck.pl\/wp-content\/uploads\/poziom1.png 683w, https:\/\/www.siemck.pl\/wp-content\/uploads\/poziom1-400x100.png 400w, https:\/\/www.siemck.pl\/wp-content\/uploads\/poziom1-600x149.png 600w\" sizes=\"(max-width: 683px) 100vw, 683px\" \/>[\/vc_column_text][\/vc_column][\/vc_row][vc_row][vc_column][vc_separator][\/vc_column][\/vc_row][vc_row][vc_column width=&#8221;1\/3&#8243;][vc_column_text]<\/p>\n<p>&nbsp;<\/p>\n<p>&nbsp;<\/p>\n<h3>SCK Poziomo 2<\/h3>\n<p><a href=\"\/wp-content\/uploads\/sck_poziom2.jpg\" target=\"_blank\" rel=\"noopener\">Pobierz w formacie JPG<\/a><\/p>\n<p><a href=\"\/wp-content\/uploads\/sck_poziom2.png\" target=\"_blank\" rel=\"noopener\">Pobierz w formacie PNG<\/a><\/p>\n<p><a href=\"\/wp-content\/uploads\/sck_poziom2.pdf\" target=\"_blank\" rel=\"noopener\">Pobierz w formacie PDF<\/a><\/p>\n<p><a href=\"\/wp-content\/uploads\/sck_poziom2.zip\">Pobierz wszystkie ZIP<\/a>[\/vc_column_text][\/vc_column][vc_column width=&#8221;2\/3&#8243;][vc_column_text]<\/p>\n<p><img loading=\"lazy\" class=\"aligncenter wp-image-5077 size-full\" src=\"http:\/\/new.siemck.pl\/wp-content\/uploads\/poziom2.png\" alt=\"\" width=\"683\" height=\"76\" srcset=\"https:\/\/www.siemck.pl\/wp-content\/uploads\/poziom2.png 683w, https:\/\/www.siemck.pl\/wp-content\/uploads\/poziom2-400x45.png 400w, https:\/\/www.siemck.pl\/wp-content\/uploads\/poziom2-600x67.png 600w\" sizes=\"(max-width: 683px) 100vw, 683px\" \/>[\/vc_column_text][\/vc_column][\/vc_row][vc_row][vc_column][vc_separator][\/vc_column][\/vc_row][vc_row][vc_column width=&#8221;1\/3&#8243;][vc_column_text]<\/p>\n<h3>SCK Samodzielnie<\/h3>\n<p><a href=\"\/wp-content\/uploads\/sck_samo.jpg\" target=\"_blank\" rel=\"noopener\">Pobierz w formacie JPG<\/a><\/p>\n<p><a href=\"\/wp-content\/uploads\/sck_samo.png\" target=\"_blank\" rel=\"noopener\">Pobierz w formacie PNG<\/a><\/p>\n<p><a href=\"\/wp-content\/uploads\/sck_samo.pdf\" target=\"_blank\" rel=\"noopener\">Pobierz w formacie PDF<\/a><\/p>\n<p><a href=\"\/wp-content\/uploads\/sck_samo.zip\">Pobierz wszystkie ZIP<\/a>[\/vc_column_text][\/vc_column][vc_column width=&#8221;2\/3&#8243;][vc_column_text]<img loading=\"lazy\" class=\"aligncenter wp-image-5078 size-full\" src=\"http:\/\/new.siemck.pl\/wp-content\/uploads\/samo.png\" alt=\"\" width=\"683\" height=\"424\" srcset=\"https:\/\/www.siemck.pl\/wp-content\/uploads\/samo.png 683w, https:\/\/www.siemck.pl\/wp-content\/uploads\/samo-400x248.png 400w, https:\/\/www.siemck.pl\/wp-content\/uploads\/samo-600x372.png 600w\" sizes=\"(max-width: 683px) 100vw, 683px\" \/>[\/vc_column_text][\/vc_column][\/vc_row][vc_row][vc_column][vc_separator][\/vc_column][\/vc_row][vc_row][vc_column width=&#8221;1\/3&#8243;][vc_column_text]<\/p>\n<h3>SCK Pionowo<\/h3>\n<p><a href=\"\/wp-content\/uploads\/sck_pion.png\" target=\"_blank\" rel=\"noopener\">Pobierz w formacie JPG<\/a><\/p>\n<p><a href=\"\/wp-content\/uploads\/sck_pion.png\" target=\"_blank\" rel=\"noopener\">Pobierz w formacie PNG<\/a><\/p>\n<p><a href=\"\/wp-content\/uploads\/sck_pion.pdf\" target=\"_blank\" rel=\"noopener\">Pobierz w formacie PDF<\/a><\/p>\n<p><a href=\"\/wp-content\/uploads\/sck_pion.zip\">Pobierz wszystkie ZIP<\/a>[\/vc_column_text][\/vc_column][vc_column width=&#8221;2\/3&#8243;][vc_column_text]<img loading=\"lazy\" class=\"aligncenter wp-image-5079 size-full\" src=\"http:\/\/new.siemck.pl\/wp-content\/uploads\/pion.png\" alt=\"\" width=\"683\" height=\"643\" srcset=\"https:\/\/www.siemck.pl\/wp-content\/uploads\/pion.png 683w, https:\/\/www.siemck.pl\/wp-content\/uploads\/pion-400x377.png 400w, https:\/\/www.siemck.pl\/wp-content\/uploads\/pion-600x565.png 600w\" sizes=\"(max-width: 683px) 100vw, 683px\" \/>[\/vc_column_text][\/vc_column][\/vc_row]<\/p>\n","protected":false},"excerpt":{"rendered":"<p>[vc_row][vc_column][vc_column_text]Nasz logotyp wyst\u0119puje w czterech wersjach. Przed u\u017cyciem logotypu prosimy o kontakt\u00a0z dzia\u0142em marketingu SCK w celu ustalenia, kt\u00f3ra wersja logotypu mo\u017ce zosta\u0107 wykorzystana.\u00a0Poni\u017cej znajduj\u0105 si\u0119 linki do\u00a0pobrania ka\u017cdej wersji oddzielnie lub mo\u017cna pobra\u0107 ca\u0142y zestaw (2 MB)\u00a0klikaj\u0105c w ten link.[\/vc_column_text][vc_separator][\/vc_column][\/vc_row][vc_row][vc_column width=&#8221;1\/3&#8243;][vc_column_text] SCK Poziomo 1 Pobierz w formacie JPG Pobierz w formacie PNG Pobierz w [&hellip;]<\/p>\n","protected":false},"author":1,"featured_media":0,"parent":0,"menu_order":0,"comment_status":"closed","ping_status":"closed","template":"page_fullwidth.php","meta":[],"_links":{"self":[{"href":"https:\/\/www.siemck.pl\/wp-json\/wp\/v2\/pages\/3783"}],"collection":[{"href":"https:\/\/www.siemck.pl\/wp-json\/wp\/v2\/pages"}],"about":[{"href":"https:\/\/www.siemck.pl\/wp-json\/wp\/v2\/types\/page"}],"author":[{"embeddable":true,"href":"https:\/\/www.siemck.pl\/wp-json\/wp\/v2\/users\/1"}],"replies":[{"embeddable":true,"href":"https:\/\/www.siemck.pl\/wp-json\/wp\/v2\/comments?post=3783"}],"version-history":[{"count":63,"href":"https:\/\/www.siemck.pl\/wp-json\/wp\/v2\/pages\/3783\/revisions"}],"predecessor-version":[{"id":21594,"href":"https:\/\/www.siemck.pl\/wp-json\/wp\/v2\/pages\/3783\/revisions\/21594"}],"wp:attachment":[{"href":"https:\/\/www.siemck.pl\/wp-json\/wp\/v2\/media?parent=3783"}],"curies":[{"name":"wp","href":"https:\/\/api.w.org\/{rel}","templated":true}]}}