{"id":2469,"date":"2017-03-19T21:25:26","date_gmt":"2017-03-19T20:25:26","guid":{"rendered":"http:\/\/siemck.sac.pl\/?page_id=2469"},"modified":"2017-10-09T10:23:42","modified_gmt":"2017-10-09T08:23:42","slug":"balet","status":"publish","type":"page","link":"https:\/\/www.siemck.pl\/balet\/","title":{"rendered":"Balet"},"content":{"rendered":"<p>Poprzez \u0107wiczenia baletowo-rytmiczne\u00a0 d\u0105\u017cymy do uzyskania prawid\u0142owej postawy cia\u0142a, rozwoju koordynacji ruchowej, wypracowania pami\u0119ci ruchowej oraz orientacji przestrzennej. Dzieci poznaj\u0105 podstawy ta\u0144ca klasycznego \u2013 pozycje n\u00f3g, pozycje r\u0105k, wykonuj\u0105 proste \u0107wiczenia baletowe n\u00f3g i r\u0105k. Uczestnicy zaj\u0119\u0107 poprawiaj\u0105 poczucie rytmu poprzez \u0107wiczenie przy akompaniamencie fortepianowej klasycznej muzyki, takiej jaka jest stosowana w czasie lekcji baletu w szko\u0142ach baletowych. Dzieci poznaj\u0105 proste kroki znanych ta\u0144c\u00f3w: Polki, Krakowiaka, Poloneza, Walca.<\/p>\n<p>Prowadzenie: Bo\u017cena Kowalik<\/p>\n<p>Zaj\u0119cia odbywaj\u0105 si\u0119 raz w tygodniu i trwaj\u0105 60 minut.<\/p>\n<p>Miejsce zaj\u0119\u0107:\u00a0SCK \u2013\u00a0Bytk\u00f3w<\/p>\n<p>&nbsp;<\/p>\n<hr \/>\n<p><a href=\"https:\/\/siemck.pl\/wp-content\/uploads\/Harmonogram_zajec.pdf\" target=\"_blank\" rel=\"noopener noreferrer\">Harmonogram zaj\u0119\u0107 w formacie PDF<\/a>\u00a0| <a href=\"\/wp-content\/uploads\/cennik_zajec.pdf\" target=\"_blank\" rel=\"noopener noreferrer\">Cennik zaj\u0119\u0107 w formacie PDF<\/a><\/p>\n","protected":false},"excerpt":{"rendered":"<p>Poprzez \u0107wiczenia baletowo-rytmiczne\u00a0 d\u0105\u017cymy do uzyskania prawid\u0142owej postawy cia\u0142a, rozwoju koordynacji ruchowej, wypracowania pami\u0119ci ruchowej oraz orientacji przestrzennej. Dzieci poznaj\u0105 podstawy ta\u0144ca klasycznego \u2013 pozycje n\u00f3g, pozycje r\u0105k, wykonuj\u0105 proste \u0107wiczenia baletowe n\u00f3g i r\u0105k. Uczestnicy zaj\u0119\u0107 poprawiaj\u0105 poczucie rytmu poprzez \u0107wiczenie przy akompaniamencie fortepianowej klasycznej muzyki, takiej jaka jest stosowana w czasie lekcji baletu [&hellip;]<\/p>\n","protected":false},"author":1,"featured_media":5763,"parent":0,"menu_order":0,"comment_status":"closed","ping_status":"closed","template":"page_fullwidth.php","meta":[],"_links":{"self":[{"href":"https:\/\/www.siemck.pl\/wp-json\/wp\/v2\/pages\/2469"}],"collection":[{"href":"https:\/\/www.siemck.pl\/wp-json\/wp\/v2\/pages"}],"about":[{"href":"https:\/\/www.siemck.pl\/wp-json\/wp\/v2\/types\/page"}],"author":[{"embeddable":true,"href":"https:\/\/www.siemck.pl\/wp-json\/wp\/v2\/users\/1"}],"replies":[{"embeddable":true,"href":"https:\/\/www.siemck.pl\/wp-json\/wp\/v2\/comments?post=2469"}],"version-history":[{"count":12,"href":"https:\/\/www.siemck.pl\/wp-json\/wp\/v2\/pages\/2469\/revisions"}],"predecessor-version":[{"id":7169,"href":"https:\/\/www.siemck.pl\/wp-json\/wp\/v2\/pages\/2469\/revisions\/7169"}],"wp:featuredmedia":[{"embeddable":true,"href":"https:\/\/www.siemck.pl\/wp-json\/wp\/v2\/media\/5763"}],"wp:attachment":[{"href":"https:\/\/www.siemck.pl\/wp-json\/wp\/v2\/media?parent=2469"}],"curies":[{"name":"wp","href":"https:\/\/api.w.org\/{rel}","templated":true}]}}