{"id":2467,"date":"2017-03-19T21:24:45","date_gmt":"2017-03-19T20:24:45","guid":{"rendered":"http:\/\/siemck.sac.pl\/?page_id=2467"},"modified":"2017-10-09T10:30:29","modified_gmt":"2017-10-09T08:30:29","slug":"euforia","status":"publish","type":"page","link":"https:\/\/www.siemck.pl\/euforia\/","title":{"rendered":"Euforia"},"content":{"rendered":"<p>&nbsp;<\/p>\n<p>Euforia &#8211; grupa taneczna dla dzieci w wieku 11-13 lat. Zaj\u0119cia r\u00f3\u017cni\u0105 si\u0119 poziomem trudno\u015bci od poprzednich grup, jest tutaj kontynuowana nauka z zakres\u00f3w ta\u0144ca wsp\u00f3\u0142czesnego, hip-hopowego, jazzowego, a tak\u017ce elementy ta\u0144ca latynoameryka\u0144skiego. Du\u017c\u0105 uwag\u0119 zwracamy na \u015bwiadomo\u015b\u0107 swojego cia\u0142a oraz pokazywanie emocji poprzez ruch. Skupiamy si\u0119 tak\u017ce na prawid\u0142owej postawie cia\u0142a oraz rozci\u0105ganiu.<\/p>\n<p>&nbsp;<\/p>\n<hr \/>\n<p><a href=\"https:\/\/siemck.pl\/wp-content\/uploads\/Harmonogram_zajec.pdf\" target=\"_blank\" rel=\"noopener noreferrer\">Harmonogram zaj\u0119\u0107 w formacie PDF<\/a>\u00a0| <a href=\"\/wp-content\/uploads\/cennik_zajec.pdf\" target=\"_blank\" rel=\"noopener noreferrer\">Cennik zaj\u0119\u0107 w formacie PDF<\/a><\/p>\n","protected":false},"excerpt":{"rendered":"<p>&nbsp; Euforia &#8211; grupa taneczna dla dzieci w wieku 11-13 lat. Zaj\u0119cia r\u00f3\u017cni\u0105 si\u0119 poziomem trudno\u015bci od poprzednich grup, jest tutaj kontynuowana nauka z zakres\u00f3w ta\u0144ca wsp\u00f3\u0142czesnego, hip-hopowego, jazzowego, a tak\u017ce elementy ta\u0144ca latynoameryka\u0144skiego. Du\u017c\u0105 uwag\u0119 zwracamy na \u015bwiadomo\u015b\u0107 swojego cia\u0142a oraz pokazywanie emocji poprzez ruch. Skupiamy si\u0119 tak\u017ce na prawid\u0142owej postawie cia\u0142a oraz rozci\u0105ganiu. [&hellip;]<\/p>\n","protected":false},"author":1,"featured_media":6693,"parent":0,"menu_order":0,"comment_status":"closed","ping_status":"closed","template":"page_fullwidth.php","meta":[],"_links":{"self":[{"href":"https:\/\/www.siemck.pl\/wp-json\/wp\/v2\/pages\/2467"}],"collection":[{"href":"https:\/\/www.siemck.pl\/wp-json\/wp\/v2\/pages"}],"about":[{"href":"https:\/\/www.siemck.pl\/wp-json\/wp\/v2\/types\/page"}],"author":[{"embeddable":true,"href":"https:\/\/www.siemck.pl\/wp-json\/wp\/v2\/users\/1"}],"replies":[{"embeddable":true,"href":"https:\/\/www.siemck.pl\/wp-json\/wp\/v2\/comments?post=2467"}],"version-history":[{"count":8,"href":"https:\/\/www.siemck.pl\/wp-json\/wp\/v2\/pages\/2467\/revisions"}],"predecessor-version":[{"id":7173,"href":"https:\/\/www.siemck.pl\/wp-json\/wp\/v2\/pages\/2467\/revisions\/7173"}],"wp:featuredmedia":[{"embeddable":true,"href":"https:\/\/www.siemck.pl\/wp-json\/wp\/v2\/media\/6693"}],"wp:attachment":[{"href":"https:\/\/www.siemck.pl\/wp-json\/wp\/v2\/media?parent=2467"}],"curies":[{"name":"wp","href":"https:\/\/api.w.org\/{rel}","templated":true}]}}