{"id":2463,"date":"2017-03-19T21:23:53","date_gmt":"2017-03-19T20:23:53","guid":{"rendered":"http:\/\/siemck.sac.pl\/?page_id=2463"},"modified":"2017-10-09T10:31:30","modified_gmt":"2017-10-09T08:31:30","slug":"flesz","status":"publish","type":"page","link":"https:\/\/www.siemck.pl\/flesz\/","title":{"rendered":"Flesz"},"content":{"rendered":"<p>&nbsp;<\/p>\n<p>Flesz \u2013 grupa taneczna dla dzieci w wieku 9-10 lat . Zaj\u0119cia maj\u0105 charakter og\u00f3lnorozwojowy i zawieraj\u0105 elementy r\u00f3\u017cnych styl\u00f3w ta\u0144ca , zaczynaj\u0105c od podstaw ta\u0144ca wsp\u00f3\u0142czesnego, hip-hopowego, jazzowego oraz podstaw klasyki i rytmiki. Du\u017c\u0105 rol\u0119 przywi\u0105zujemy na zaj\u0119ciach do prawid\u0142owej postawy cia\u0142a, rozci\u0105gamy si\u0119 a tak\u017ce rozwijamy kreatywno\u015b\u0107 dzieci poprzez zabawy ruchowe.<\/p>\n<p>&nbsp;<\/p>\n<hr \/>\n<p><a href=\"https:\/\/siemck.pl\/wp-content\/uploads\/Harmonogram_zajec.pdf\" target=\"_blank\" rel=\"noopener noreferrer\">Harmonogram zaj\u0119\u0107 w formacie PDF<\/a>\u00a0| <a href=\"\/wp-content\/uploads\/cennik_zajec.pdf\" target=\"_blank\" rel=\"noopener noreferrer\">Cennik zaj\u0119\u0107 w formacie PDF<\/a><\/p>\n","protected":false},"excerpt":{"rendered":"<p>&nbsp; Flesz \u2013 grupa taneczna dla dzieci w wieku 9-10 lat . Zaj\u0119cia maj\u0105 charakter og\u00f3lnorozwojowy i zawieraj\u0105 elementy r\u00f3\u017cnych styl\u00f3w ta\u0144ca , zaczynaj\u0105c od podstaw ta\u0144ca wsp\u00f3\u0142czesnego, hip-hopowego, jazzowego oraz podstaw klasyki i rytmiki. Du\u017c\u0105 rol\u0119 przywi\u0105zujemy na zaj\u0119ciach do prawid\u0142owej postawy cia\u0142a, rozci\u0105gamy si\u0119 a tak\u017ce rozwijamy kreatywno\u015b\u0107 dzieci poprzez zabawy ruchowe. &nbsp; [&hellip;]<\/p>\n","protected":false},"author":1,"featured_media":6688,"parent":0,"menu_order":0,"comment_status":"closed","ping_status":"closed","template":"page_fullwidth.php","meta":[],"_links":{"self":[{"href":"https:\/\/www.siemck.pl\/wp-json\/wp\/v2\/pages\/2463"}],"collection":[{"href":"https:\/\/www.siemck.pl\/wp-json\/wp\/v2\/pages"}],"about":[{"href":"https:\/\/www.siemck.pl\/wp-json\/wp\/v2\/types\/page"}],"author":[{"embeddable":true,"href":"https:\/\/www.siemck.pl\/wp-json\/wp\/v2\/users\/1"}],"replies":[{"embeddable":true,"href":"https:\/\/www.siemck.pl\/wp-json\/wp\/v2\/comments?post=2463"}],"version-history":[{"count":8,"href":"https:\/\/www.siemck.pl\/wp-json\/wp\/v2\/pages\/2463\/revisions"}],"predecessor-version":[{"id":6689,"href":"https:\/\/www.siemck.pl\/wp-json\/wp\/v2\/pages\/2463\/revisions\/6689"}],"wp:featuredmedia":[{"embeddable":true,"href":"https:\/\/www.siemck.pl\/wp-json\/wp\/v2\/media\/6688"}],"wp:attachment":[{"href":"https:\/\/www.siemck.pl\/wp-json\/wp\/v2\/media?parent=2463"}],"curies":[{"name":"wp","href":"https:\/\/api.w.org\/{rel}","templated":true}]}}