{"id":2461,"date":"2017-03-19T21:23:29","date_gmt":"2017-03-19T20:23:29","guid":{"rendered":"http:\/\/siemck.sac.pl\/?page_id=2461"},"modified":"2017-10-09T10:32:03","modified_gmt":"2017-10-09T08:32:03","slug":"fleszjunior","status":"publish","type":"page","link":"https:\/\/www.siemck.pl\/fleszjunior\/","title":{"rendered":"Flesz Junior"},"content":{"rendered":"<p>&nbsp;<\/p>\n<p>Flesz Junior &#8211; grupa taneczna dla dzieci w wieku 7-8 lat . Zaj\u0119cia maj\u0105 charakter og\u00f3lnorozwojowy i zawieraj\u0105 elementy rytmiki oraz podstawy z zakresu ta\u0144ca wsp\u00f3\u0142czesnego i hip-hopowego. Dzieci ucz\u0105 si\u0119 wsp\u00f3\u0142pracy w grupie poprzez r\u00f3\u017cne zabawy ruchowe, s\u0105 one tak\u017ce wspania\u0142\u0105 form\u0105 \u0107wicze\u0144 i nauki nowych krok\u00f3w.<\/p>\n<p>Miejsce zaj\u0119\u0107: SCK \u2013 Bytk\u00f3w<\/p>\n<p>&nbsp;<\/p>\n<hr \/>\n<p><a href=\"https:\/\/siemck.pl\/wp-content\/uploads\/Harmonogram_zajec.pdf\" target=\"_blank\" rel=\"noopener noreferrer\">Harmonogram zaj\u0119\u0107 w formacie PDF<\/a>\u00a0| <a href=\"\/wp-content\/uploads\/cennik_zajec.pdf\" target=\"_blank\" rel=\"noopener noreferrer\">Cennik zaj\u0119\u0107 w formacie PDF<\/a><\/p>\n","protected":false},"excerpt":{"rendered":"<p>&nbsp; Flesz Junior &#8211; grupa taneczna dla dzieci w wieku 7-8 lat . Zaj\u0119cia maj\u0105 charakter og\u00f3lnorozwojowy i zawieraj\u0105 elementy rytmiki oraz podstawy z zakresu ta\u0144ca wsp\u00f3\u0142czesnego i hip-hopowego. Dzieci ucz\u0105 si\u0119 wsp\u00f3\u0142pracy w grupie poprzez r\u00f3\u017cne zabawy ruchowe, s\u0105 one tak\u017ce wspania\u0142\u0105 form\u0105 \u0107wicze\u0144 i nauki nowych krok\u00f3w. Miejsce zaj\u0119\u0107: SCK \u2013 Bytk\u00f3w &nbsp; [&hellip;]<\/p>\n","protected":false},"author":1,"featured_media":6691,"parent":0,"menu_order":0,"comment_status":"closed","ping_status":"closed","template":"page_fullwidth.php","meta":[],"_links":{"self":[{"href":"https:\/\/www.siemck.pl\/wp-json\/wp\/v2\/pages\/2461"}],"collection":[{"href":"https:\/\/www.siemck.pl\/wp-json\/wp\/v2\/pages"}],"about":[{"href":"https:\/\/www.siemck.pl\/wp-json\/wp\/v2\/types\/page"}],"author":[{"embeddable":true,"href":"https:\/\/www.siemck.pl\/wp-json\/wp\/v2\/users\/1"}],"replies":[{"embeddable":true,"href":"https:\/\/www.siemck.pl\/wp-json\/wp\/v2\/comments?post=2461"}],"version-history":[{"count":9,"href":"https:\/\/www.siemck.pl\/wp-json\/wp\/v2\/pages\/2461\/revisions"}],"predecessor-version":[{"id":7176,"href":"https:\/\/www.siemck.pl\/wp-json\/wp\/v2\/pages\/2461\/revisions\/7176"}],"wp:featuredmedia":[{"embeddable":true,"href":"https:\/\/www.siemck.pl\/wp-json\/wp\/v2\/media\/6691"}],"wp:attachment":[{"href":"https:\/\/www.siemck.pl\/wp-json\/wp\/v2\/media?parent=2461"}],"curies":[{"name":"wp","href":"https:\/\/api.w.org\/{rel}","templated":true}]}}