{"id":2459,"date":"2017-03-19T21:23:04","date_gmt":"2017-03-19T20:23:04","guid":{"rendered":"http:\/\/siemck.sac.pl\/?page_id=2459"},"modified":"2017-10-09T10:23:23","modified_gmt":"2017-10-09T08:23:23","slug":"abstrakcja","status":"publish","type":"page","link":"https:\/\/www.siemck.pl\/abstrakcja\/","title":{"rendered":"Abstrakcja"},"content":{"rendered":"<p>&nbsp;<\/p>\n<p>Uczestnicy zespo\u0142u \u201eAbstrakcja\u201d maj\u0105 od 5-9 lat. Na zaj\u0119ciach dzieci ucz\u0105 si\u0119 przede wszystkim ta\u0144ca nowoczesnego oraz hip-hopu, ale r\u00f3wnie\u017c rozwijaj\u0105 swoje umiej\u0119tno\u015bci o inne style ta\u0144ca jak np. taniec estradowy.\u00a0Poprzez uczestnictwo w zaj\u0119ciach dzieci kszta\u0142tuj\u0105 prawid\u0142ow\u0105 postaw\u0119 cia\u0142a, poprawiaj\u0105 gibko\u015b\u0107 oraz koordynacje ruchow\u0105.<\/p>\n<p>Instruktorem oraz opiekunem grupy jest p. Agnieszka Rumanowska.<\/p>\n<p>Swoj\u0105 karier\u0119 z ta\u0144cem rozpocz\u0119\u0142a 18 lat temu ta\u0144cem ludowym poprzez hip-hop,\u00a0 taniec nowoczesny oraz taniec irlandzki.\u00a0Aktualnie nale\u017cy do \u201eStudia Musicalowego Step Tomasza Micha\u201d gdzie bierze czynny udzia\u0142 w spektaklach takich jak \u201eKochaj i Ta\u0144cz\u201d czy \u201eJa si\u0119 boj\u0119 sama spa\u0107\u201d.\u00a0Taniec u dzieci rozwija kreatywno\u015b\u0107 i wyobra\u017anie, ale przede wszystkim przynosi wiele rado\u015bci i jest doskona\u0142\u0105 form\u0105 sp\u0119dzania wolnego czasu!<\/p>\n<p>Miejsce zaj\u0119\u0107:\u00a0SCK &#8211;\u00a0Bytk\u00f3w<\/p>\n<p>&nbsp;<\/p>\n<hr \/>\n<p><a href=\"https:\/\/siemck.pl\/wp-content\/uploads\/Harmonogram_zajec.pdf\" target=\"_blank\" rel=\"noopener noreferrer\">Harmonogram zaj\u0119\u0107 w formacie PDF<\/a>\u00a0| <a href=\"\/wp-content\/uploads\/cennik_zajec.pdf\" target=\"_blank\" rel=\"noopener noreferrer\">Cennik zaj\u0119\u0107 w formacie PDF<\/a><\/p>\n","protected":false},"excerpt":{"rendered":"<p>&nbsp; Uczestnicy zespo\u0142u \u201eAbstrakcja\u201d maj\u0105 od 5-9 lat. Na zaj\u0119ciach dzieci ucz\u0105 si\u0119 przede wszystkim ta\u0144ca nowoczesnego oraz hip-hopu, ale r\u00f3wnie\u017c rozwijaj\u0105 swoje umiej\u0119tno\u015bci o inne style ta\u0144ca jak np. taniec estradowy.\u00a0Poprzez uczestnictwo w zaj\u0119ciach dzieci kszta\u0142tuj\u0105 prawid\u0142ow\u0105 postaw\u0119 cia\u0142a, poprawiaj\u0105 gibko\u015b\u0107 oraz koordynacje ruchow\u0105. Instruktorem oraz opiekunem grupy jest p. Agnieszka Rumanowska. Swoj\u0105 karier\u0119 [&hellip;]<\/p>\n","protected":false},"author":1,"featured_media":5770,"parent":0,"menu_order":0,"comment_status":"closed","ping_status":"closed","template":"page_fullwidth.php","meta":[],"_links":{"self":[{"href":"https:\/\/www.siemck.pl\/wp-json\/wp\/v2\/pages\/2459"}],"collection":[{"href":"https:\/\/www.siemck.pl\/wp-json\/wp\/v2\/pages"}],"about":[{"href":"https:\/\/www.siemck.pl\/wp-json\/wp\/v2\/types\/page"}],"author":[{"embeddable":true,"href":"https:\/\/www.siemck.pl\/wp-json\/wp\/v2\/users\/1"}],"replies":[{"embeddable":true,"href":"https:\/\/www.siemck.pl\/wp-json\/wp\/v2\/comments?post=2459"}],"version-history":[{"count":20,"href":"https:\/\/www.siemck.pl\/wp-json\/wp\/v2\/pages\/2459\/revisions"}],"predecessor-version":[{"id":7167,"href":"https:\/\/www.siemck.pl\/wp-json\/wp\/v2\/pages\/2459\/revisions\/7167"}],"wp:featuredmedia":[{"embeddable":true,"href":"https:\/\/www.siemck.pl\/wp-json\/wp\/v2\/media\/5770"}],"wp:attachment":[{"href":"https:\/\/www.siemck.pl\/wp-json\/wp\/v2\/media?parent=2459"}],"curies":[{"name":"wp","href":"https:\/\/api.w.org\/{rel}","templated":true}]}}