{"id":24137,"date":"2023-09-28T15:34:40","date_gmt":"2023-09-28T13:34:40","guid":{"rendered":"https:\/\/www.siemck.pl\/?page_id=24137"},"modified":"2023-10-05T14:35:54","modified_gmt":"2023-10-05T12:35:54","slug":"kryptonim-rybak","status":"publish","type":"page","link":"https:\/\/www.siemck.pl\/kryptonim-rybak\/","title":{"rendered":"Kryptonim Rybak"},"content":{"rendered":"<p>Zapraszamy do ogl\u0105dania internetowego serialu spo\u0142eczno\u015bciowego, kt\u00f3ry powsta\u0142 podczas projektu &#8222;Kryptonim Rybak&#8221;.<\/p>\n<p>Serial znajdziesz na naszym kanale na YouTube &#x25b6; <a href=\"https:\/\/www.youtube.com\/playlist?list=PLarx-lapXDwOT7XSrYZ4lA5SboiKFBgWO\">KLIK<\/a><\/p>\n<hr \/>\n<h3>Kryptonim \u201eRYBAK\u201d \u2013 grant dla SCK z programu \u201eKultura w Sieci\u201d<\/h3>\n<p>Z ogromn\u0105 rado\u015bci\u0105 chcieli\u015bmy poinformowa\u0107, \u017ce Siemianowickie Centrum Kultury znalaz\u0142o si\u0119 w elitarnej grupie instytucji, kt\u00f3re otrzyma\u0142y dofinansowanie w ramach programu \u201eKultura w sieci\u201d Narodowego Centrum Kultury.<\/p>\n<p>To najwi\u0119kszy program grantowy uruchomiony przez Ministerstwo Kultury i Dziedzictwa Narodowego.\u00a0 Jego celem by\u0142o finansowe wsparcie realizacji projekt\u00f3w upowszechniaj\u0105cych dorobek kultury i zwi\u0119kszaj\u0105cych obecno\u015b\u0107 kultury w \u017cyciu spo\u0142ecznym, kt\u00f3rych odbi\u00f3r nast\u0119puje poprzez narz\u0119dzia on-line. By\u0142 to element tzw.\u00a0 \u201etarczy antykryzysowej\u201d w obszarze\u00a0 podmiot\u00f3w zajmuj\u0105cych si\u0119 dzia\u0142alno\u015bci\u0105 kulturaln\u0105 i grupie artyst\u00f3w.<\/p>\n<p>\u201eKultura w sieci\u201d spotka\u0142a si\u0119 z ogromnym, najwi\u0119kszym w historii program\u00f3w dotacyjnych NCK, zainteresowaniem: do programu zg\u0142oszono prawie 6000 wniosk\u00f3w. Z prawdziw\u0105 satysfakcj\u0105 informujemy, \u017ce projekt Siemianowickiego Centrum Kultury znalaz\u0142 si\u0119 na wysokiej 298 pozycji na 1182 przyznanych dotacji i 5948 z\u0142o\u017conych wniosk\u00f3w. Kwota dofinansowania &#8211; to 17.000\u00a0 z\u0142otych.<\/p>\n<p>Kryptonim &#8222;Rybak&#8221; \u2013 jest internetowym serialem spo\u0142eczno\u015bciowym, dzia\u0142aniem absolutnie nowatorskim.<\/p>\n<p>Zadanie Kryptonim &#8222;Rybak&#8221; polega\u0142o na spo\u0142eczno\u015bciowym, partycypacyjnym stworzeniu serialu fabularnego, gatunkowo oscyluj\u0105cego pomi\u0119dzy takimi konwencjami jak serial kryminalny, fantastyczny, komediowy i paradokumentalny. Zadanie zak\u0142ada\u0142o tworzenie utwor\u00f3w audiowizualnych w \u015bcis\u0142ej wsp\u00f3\u0142pracy instytucji ze spo\u0142eczno\u015bci\u0105 lokaln\u0105 oraz przy zaanga\u017cowaniu i wsparciu profesjonalnych artyst\u00f3w oraz filmowc\u00f3w. Za\u0142o\u017cyli\u015bmy stworzenie kilku odcink\u00f3w serii, kt\u00f3re by\u0142y sukcesywnie emitowane w mediach spo\u0142eczno\u015bciowych. Kanw\u0105 dla znacznej cz\u0119\u015bci w\u0105tk\u00f3w serialu sta\u0142y si\u0119 \u015bl\u0105skie podania, legendy i motywy opisane w licznych publikacjach naukowych i popularyzatorskich.<\/p>\n<p>&nbsp;<\/p>\n","protected":false},"excerpt":{"rendered":"<p>Zapraszamy do ogl\u0105dania internetowego serialu spo\u0142eczno\u015bciowego, kt\u00f3ry powsta\u0142 podczas projektu &#8222;Kryptonim Rybak&#8221;. Serial znajdziesz na naszym kanale na YouTube &#x25b6; KLIK Kryptonim \u201eRYBAK\u201d \u2013 grant dla SCK z programu \u201eKultura w Sieci\u201d Z ogromn\u0105 rado\u015bci\u0105 chcieli\u015bmy poinformowa\u0107, \u017ce Siemianowickie Centrum Kultury znalaz\u0142o si\u0119 w elitarnej grupie instytucji, kt\u00f3re otrzyma\u0142y dofinansowanie w ramach programu \u201eKultura w [&hellip;]<\/p>\n","protected":false},"author":1,"featured_media":24168,"parent":0,"menu_order":0,"comment_status":"closed","ping_status":"closed","template":"page_fullwidth.php","meta":[],"_links":{"self":[{"href":"https:\/\/www.siemck.pl\/wp-json\/wp\/v2\/pages\/24137"}],"collection":[{"href":"https:\/\/www.siemck.pl\/wp-json\/wp\/v2\/pages"}],"about":[{"href":"https:\/\/www.siemck.pl\/wp-json\/wp\/v2\/types\/page"}],"author":[{"embeddable":true,"href":"https:\/\/www.siemck.pl\/wp-json\/wp\/v2\/users\/1"}],"replies":[{"embeddable":true,"href":"https:\/\/www.siemck.pl\/wp-json\/wp\/v2\/comments?post=24137"}],"version-history":[{"count":13,"href":"https:\/\/www.siemck.pl\/wp-json\/wp\/v2\/pages\/24137\/revisions"}],"predecessor-version":[{"id":24231,"href":"https:\/\/www.siemck.pl\/wp-json\/wp\/v2\/pages\/24137\/revisions\/24231"}],"wp:featuredmedia":[{"embeddable":true,"href":"https:\/\/www.siemck.pl\/wp-json\/wp\/v2\/media\/24168"}],"wp:attachment":[{"href":"https:\/\/www.siemck.pl\/wp-json\/wp\/v2\/media?parent=24137"}],"curies":[{"name":"wp","href":"https:\/\/api.w.org\/{rel}","templated":true}]}}