{"id":24135,"date":"2023-09-28T15:34:12","date_gmt":"2023-09-28T13:34:12","guid":{"rendered":"https:\/\/www.siemck.pl\/?page_id=24135"},"modified":"2023-10-13T14:05:35","modified_gmt":"2023-10-13T12:05:35","slug":"gdzie-jest-wojtek","status":"publish","type":"page","link":"https:\/\/www.siemck.pl\/gdzie-jest-wojtek\/","title":{"rendered":"Gdzie jest Wojtek?"},"content":{"rendered":"<div class=\"xdj266r x11i5rnm xat24cr x1mh8g0r x1vvkbs\">Zapraszamy ca\u0142e rodziny do udzia\u0142u w happeningu artystycznym realizowanym przez Siemianowickie Centrum Kultury we wsp\u00f3\u0142pracy z Muzeum Miejskim w Siemianowicach \u015al. Projekt sfinansowany jest przez Instytut im. Wojciecha Korfantego w ramach \u201eFunduszu Korfantowskiego\u201d \u2013 otwartego konkursu na inicjatywy kulturotw\u00f3rcze w 2023 r.<\/div>\n<div class=\"x11i5rnm xat24cr x1mh8g0r x1vvkbs xtlvy1s\">RODZINNY HAPPENING ARTYSTYCZNY &#8222;Gdzie jest Wojtek?&#8221;<br \/>\n-&gt; 22 | 10 | 2023<br \/>\n-&gt; start: g. 16.00 | Muzeum Miejskie w Siemianowicach \u015al\u0105skich<br \/>\n-&gt; czas trwania: ok. 2 godziny<br \/>\n-&gt; minimalny wiek uczestnik\u00f3w: 6 lat<br \/>\n-&gt; udzia\u0142 bezp\u0142atny | ZAPISY: (32) 228 72 80, w. 11<br \/>\n-&gt; udzia\u0142 dzieci wy\u0142\u0105cznie pod opiek\u0105 os\u00f3b doros\u0142ych<br \/>\n-&gt; tematyka:<\/div>\n<div class=\"x11i5rnm xat24cr x1mh8g0r x1vvkbs xtlvy1s\">Nazwa happeningu nawi\u0105zuje do popularnego cyklu wspieraj\u0105cych spostrzegawczo\u015b\u0107 i wyobra\u017ani\u0119 ksi\u0105\u017cek rysunkowych dla dzieci pt. \u201eGdzie jest Wally?\u201d. Ksi\u0105\u017cki te bazuj\u0105 na prostym pomy\u015ble: w g\u0105szczu obiekt\u00f3w i postaci ukryty zosta\u0142 g\u0142\u00f3wny bohater opowie\u015bci \u2013 tytu\u0142owy Wally. Zadaniem osoby ogl\u0105daj\u0105cej rysunki jest odnalezienie bohatera. Podobna b\u0119dzie koncepcja przy\u015bwiecaj\u0105ca naszemu happeningowi artystycznemu dla dzieci i ich opiekun\u00f3w&#8230;<\/div>\n<div class=\"x11i5rnm xat24cr x1mh8g0r x1vvkbs xtlvy1s\">Happening b\u0119dzie zawiera\u0142 elementy warsztat\u00f3w plastycznych, co zapewni komfort pracy uczestnik\u00f3w i zadowalaj\u0105cy ich efekt ko\u0144cowy. Uczestnicy stworz\u0105 wsp\u00f3ln\u0105 wielkoformatow\u0105 prac\u0119 plastyczn\u0105 \u2013 artystyczn\u0105 map\u0119 cz\u0119\u015bci Siemianowic, na kt\u00f3rej znajd\u0105 si\u0119 miejsca zwi\u0105zane z postaci\u0105 Wojciecha Korfantego, a tak\u017ce liczne inne obiekty charakterystyczne dla miasta oraz obiekty i postaci niezwi\u0105zane \u015bci\u015ble z konkretnymi lokalizacjami na mapie \u2013 wedle fantazji uczestnik\u00f3w (np. postaci ludzkie, zwierz\u0119ce, pojazdy etc.). W ten spos\u00f3b powstanie wielkoformatowa praca w formie kola\u017cu \u2013 mozaiki spo\u0142ecznej o du\u017cym zag\u0119szczeniu element\u00f3w.<\/div>\n<div class=\"x11i5rnm xat24cr x1mh8g0r x1vvkbs xtlvy1s\">Efekt happeningu w postaci wielkoformatowej mozaikowej pracy plastycznej zostanie wyeksponowany czasowo w przestrzeni wystawienniczej Muzeum Miejskiego wraz z informacj\u0105 o projekcie oraz instrukcj\u0105 dla ogl\u0105daj\u0105cych prac\u0119 (czego nale\u017cy szuka\u0107 po\u015br\u00f3d mnogo\u015bci przedstawionych obiekt\u00f3w).<\/div>\n","protected":false},"excerpt":{"rendered":"<p>Zapraszamy ca\u0142e rodziny do udzia\u0142u w happeningu artystycznym realizowanym przez Siemianowickie Centrum Kultury we wsp\u00f3\u0142pracy z Muzeum Miejskim w Siemianowicach \u015al. Projekt sfinansowany jest przez Instytut im. Wojciecha Korfantego w ramach \u201eFunduszu Korfantowskiego\u201d \u2013 otwartego konkursu na inicjatywy kulturotw\u00f3rcze w 2023 r. RODZINNY HAPPENING ARTYSTYCZNY &#8222;Gdzie jest Wojtek?&#8221; -&gt; 22 | 10 | 2023 -&gt; [&hellip;]<\/p>\n","protected":false},"author":1,"featured_media":24304,"parent":0,"menu_order":0,"comment_status":"closed","ping_status":"closed","template":"page_fullwidth.php","meta":[],"_links":{"self":[{"href":"https:\/\/www.siemck.pl\/wp-json\/wp\/v2\/pages\/24135"}],"collection":[{"href":"https:\/\/www.siemck.pl\/wp-json\/wp\/v2\/pages"}],"about":[{"href":"https:\/\/www.siemck.pl\/wp-json\/wp\/v2\/types\/page"}],"author":[{"embeddable":true,"href":"https:\/\/www.siemck.pl\/wp-json\/wp\/v2\/users\/1"}],"replies":[{"embeddable":true,"href":"https:\/\/www.siemck.pl\/wp-json\/wp\/v2\/comments?post=24135"}],"version-history":[{"count":6,"href":"https:\/\/www.siemck.pl\/wp-json\/wp\/v2\/pages\/24135\/revisions"}],"predecessor-version":[{"id":24298,"href":"https:\/\/www.siemck.pl\/wp-json\/wp\/v2\/pages\/24135\/revisions\/24298"}],"wp:featuredmedia":[{"embeddable":true,"href":"https:\/\/www.siemck.pl\/wp-json\/wp\/v2\/media\/24304"}],"wp:attachment":[{"href":"https:\/\/www.siemck.pl\/wp-json\/wp\/v2\/media?parent=24135"}],"curies":[{"name":"wp","href":"https:\/\/api.w.org\/{rel}","templated":true}]}}