{"id":21760,"date":"2022-11-03T14:29:07","date_gmt":"2022-11-03T13:29:07","guid":{"rendered":"https:\/\/www.siemck.pl\/?page_id=21760"},"modified":"2024-01-15T17:07:58","modified_gmt":"2024-01-15T16:07:58","slug":"park-tradycji-de","status":"publish","type":"page","link":"https:\/\/www.siemck.pl\/park-tradycji-de\/","title":{"rendered":"Park Tradycji &#8211; DE"},"content":{"rendered":"<p>[vc_row][vc_column][vc_row_inner][vc_column_inner width=&#8221;1\/4&#8243;][vc_column_text]<\/p>\n<h3>SCK &#8211; Park Tradycji<\/h3>\n<p><span class=\"tribe-street-address\">ul. E. Orzeszkowej 12<\/span><\/p>\n<p><span class=\"tribe-locality\">41-103 Siemianowice \u015al\u0105skie<\/span><\/p>\n<h3><\/h3>\n<p>[\/vc_column_text][\/vc_column_inner][vc_column_inner width=&#8221;1\/4&#8243;][vc_column_text]<\/p>\n<h3>Kontakt<\/h3>\n<p>(+48) 512 115 847<\/p>\n<p><a href=\"mailto:parktradycji@siemck.pl\">parktradycji@siemck.pl<\/a>[\/vc_column_text][\/vc_column_inner][vc_column_inner width=&#8221;1\/4&#8243;][vc_column_text]<\/p>\n<h3>\u00d6ffnungszeiten:<\/h3>\n<p>Montag \u2013 Freitag: 8.00 \u2013 16.00<br \/>\nSamstag \u2013 Sonntag: w\u00e4hrend der Veranstaltungszeiten[\/vc_column_text][\/vc_column_inner][vc_column_inner width=&#8221;1\/4&#8243;][vc_column_text]<a href=\"https:\/\/www.zabytkitechniki.pl\/\" target=\"_blank\" rel=\"noopener\"><img loading=\"lazy\" class=\"aligncenter wp-image-8052\" src=\"https:\/\/siemck.pl\/wp-content\/uploads\/pobrane.png\" alt=\"\" width=\"190\" height=\"110\" \/><\/a>[\/vc_column_text][\/vc_column_inner][\/vc_row_inner][vc_column_inner width=&#8221;1\/4&#8243;][\/vc_column_inner][vc_column_inner width=&#8221;1\/4&#8243;][\/vc_column_inner][vc_column_inner width=&#8221;1\/4&#8243;][\/vc_column_inner][vc_column_inner width=&#8221;1\/4&#8243;][\/vc_column_inner][\/vc_column][\/vc_row][vc_row][vc_column][vc_separator][\/vc_column][\/vc_row][vc_row][vc_column][vc_column_text][vc_gmaps link=&#8221;#E-8_JTNDaWZyYW1lJTIwc3JjJTNEJTIyaHR0cHMlM0ElMkYlMkZ3d3cuZ29vZ2xlLmNvbSUyRm1hcHMlMkZlbWJlZCUzRnBiJTNEJTIxMW0xOCUyMTFtMTIlMjExbTMlMjExZDI1NDcuNTk1MzYyOTQ5MjA5JTIxMmQxOS4wMDY0ODk4MTYwMDM2OTMlMjEzZDUwLjMxODE0Mjg3OTQ1NzI5JTIxMm0zJTIxMWYwJTIxMmYwJTIxM2YwJTIxM20yJTIxMWkxMDI0JTIxMmk3NjglMjE0ZjEzLjElMjEzbTMlMjExbTIlMjExczB4NDcxNmQyMjk2ZmNjYjhmNyUyNTNBMHg0NjExNTJkYjcxZGM4NDhhJTIxMnNTaWVtaWFub3dpY2tpZSUyQkNlbnRydW0lMkJLdWx0dXJ5JTI1MkMlMkJQYXJrJTJCVHJhZHljamklMjE1ZTAlMjEzbTIlMjExc2VuJTIxMnN1cyUyMTR2MTQ5MDczMDU4Mjk2OSUyMiUyMHdpZHRoJTNEJTIyNjAwJTIyJTIwaGVpZ2h0JTNEJTIyMjUwJTIyJTIwZnJhbWVib3JkZXIlM0QlMjIwJTIyJTIwc3R5bGUlM0QlMjJib3JkZXIlM0EwJTIyJTIwYWxsb3dmdWxsc2NyZWVuJTNFJTNDJTJGaWZyYW1lJTNF&#8221;]<\/p>\n<p>[\/vc_column_text][vc_gallery type=&#8221;nivo&#8221; interval=&#8221;5&#8243; images=&#8221;4283,4280,4281,4278,4282&#8243; img_size=&#8221;998\u00d7553&#8243; onclick=&#8221;&#8221; css_animation=&#8221;fadeIn&#8221;][vc_column_text]<\/p>\n<h3>FR\u00dcHER<\/h3>\n<p>Der Traditionspark ist ein industrielles Objekt, das zurzeit die Funktion einer Kulturanstalt erf\u00fcllt, es ist infolge der Sanierung des Maschinenhauses und des Aufzugsschachts von \u201eMicha\u0142\u201d-Bergwerk und des Angrenzenden Gel\u00e4ndes des Siemianowitzer Stadtviertels Michalkowitz (Micha\u0142kowice) entstanden. Um jedoch auf die richtigen Anf\u00e4nge und den \u00e4ltesten Ursprung des Traditionsparks zur\u00fcckzugreifen muss man seine Aufmerksamkeit Siemianowitz des XIX Jahrhunderts und dem heute fast vergessenen Vorg\u00e4nger-Bergwerk von \u201eMicha\u0142\u201d \u2013 und n\u00e4mlich \u201eMax\u201d schenken.<\/p>\n<p>Historische Angaben nach: Ma\u0142gorzata Dersus, Z dziej\u00f3w przemys\u0142u Siemianowic \u015al\u0105skich (Aus der Geschichte der Industrie von Siemianowitz), Siemianowitz 2012, S. 25 \u2013 35.<\/p>\n<p>Die T\u00e4tigkeit des Bergwerks hat die Rheinbaben-Familie \u2013 als damalige Inhaberin von Michalkowitz \u2013 initiiert, im Jahre 1856 hat sie das Berglehen (erweitert um weitere Gel\u00e4nde im Jahre 1867) erhalten und den Bau von Sch\u00e4chten hat sie im Jahre 1881 angefangen. Schon zwei Jahre sp\u00e4ter wurde im \u201eMax\u201d-Bergwerk Kohle gef\u00f6rdert.<\/p>\n<p>Der n\u00e4chste Wendepunkt aus dem Gesichtspunkt der Geschichte des Unternehmens war das Jahr 1892, in dem der Prinz Hugo Hohenlohe-Oehringen das Michalkowitzer Gut samt dem Bergwerk erworben hat. In der n\u00e4chsten Dekade hat sich das Bergwerk sehr dynamisch entwickelt: zwei vorhandene Sch\u00e4chte wurden vertieft und modernisiert und im Jahre 1902 wurde der dritte Schacht \u201eChristian Kraft\u201d (Material-, F\u00f6rder-, Hilfsschacht) zur Nutzung \u00fcbergeben, der so zu Ehren des Sohns des Hohenlohe-Oehringen-Prinzen genannt wurde. Derselbe Schacht hat 34 Jahre sp\u00e4ter den Namen \u201eKrystyn\u201d erhalten. Im Jahre 1975 wurde sein bisheriger F\u00f6rderturm von einem neuen Turm ersetzt, den die Besucher des Traditionsparks \u2013 dank der Sanierung \u2013 in ganzer Sch\u00f6nheit bewundern k\u00f6nnen und welcher einer der wichtigeren Elemente der lokalen Landschaft ist.<\/p>\n<p>Im Jahre 1905 bestand das Bergwerk schon aus f\u00fcnf Sch\u00e4chten und mehreren Bergwerkgeb\u00e4uden. Ab diesem Jahr bis drei\u00dfiger Jahre wurde das Bergwerk von der von Christian Kraft gegr\u00fcndeten Aktiengesellschaft Hohenlohe-Werke verwaltet, indem der Bestand st\u00e4ndig modernisiert und ausgebaut wurde.<br \/>\nDer Name, unter welchem die Mehrheit der Siemianowitzer das Bergwerk kannte \u2013 \u201eMicha\u0142\u201d, wurde im Jahre 1936 verliehen. Das \u201eMicha\u0142\u201d-Bergwerk war also nicht nur Erbfolgerin, sondern auch direkte Fortsetzerin der \u00fcber f\u00fcnfzigj\u00e4hriger T\u00e4tigkeit von \u201eMax\u201d.<\/p>\n<p>Nach dem II Weltkrieg wurde das \u201eMicha\u0142\u201d-Bergwerk nationalisiert. Bis 1975 war es ein selbst\u00e4ndiger Betrieb, der anf\u00e4nglich ein Bestandteil der Chorzower Kohle-Industrievereinigung und dann der Kattowitzer Kohle-Industrievereinigung war. Infolge der Fusion von \u201eMicha\u0142\u201d mit dem \u201eSiemianowice\u201d- Bergwerk, wurde das \u201eMicha\u0142\u201d- Bergwerk zum Bezirk III des \u201eSiemianowice\u201d-Steinkohlenbergwerks.<\/p>\n<p>Die Entscheidung \u00fcber die Liquidation des Betriebs wurde im Jahre 1989 getroffen und zu der endg\u00fcltigen Liquidation (wegen schlechten technischen Zustandes der Maschinen und Geb\u00e4uden und der zu Ende werdenden Kohlenvorr\u00e4te) kam es im Jahre 1994.<\/p>\n<h3>JETZT<\/h3>\n<p>Im Jahre 2008 hat die Stadt Siemianowice \u015alaskie das zu Grunde gehende Maschinenhaus des \u201eKrystyn\u201d-Schachts und den Schacht selbst \u00fcbernommen, die sich damals in privaten H\u00e4nden befanden. In demselben Jahre wurden mit Impetus die Sanierungsarbeiten angefangen und die Renovierung des Objekts und die Schaffung auf seinem Gel\u00e4nde des Traditionsparks wurden zu einer der gr\u00f6\u00dften Herausforderungen f\u00fcr die Gemeinde und eine der meist anspruchsvollsten Investitionen in der neuesten Geschichte von Siemianowitz.<\/p>\n<p>Der Traditionspark wurde im September 2012 er\u00f6ffnet und ist zurzeit unter der Verwaltung des Siemianowitzer Kulturzentrums. Schon in den ersten Tagen des Funktionierens des Parks wurde er von tausenden von Siemianowitzer besucht.<\/p>\n<p>Das erste Exponat, das beim betreten des Geb\u00e4udes nicht \u00fcbersehen werden kann, ist eine im Zentrum des Erdgeschosses gestellte Dampf-F\u00f6rdermaschine aus dem Jahre 1905. Gleich neben der Maschine befindet sich eine Ausstellung der Grubenlampen, sog. \u201eKarbidenlampen\u201d, aus verschiedenen Zeiten und aus mehreren Teilen Europas.<\/p>\n<p>Die Besucher k\u00f6nnen auch das restaurierte Gem\u00e4lde von St. Barbara sehen, das urspr\u00fcnglich den daf\u00fcr entsprechenden Platz im Zechenhaus der \u201eMicha\u0142\u201d-Bergwerks gefunden hat. In der Umgebung des Gem\u00e4ldes werden, au\u00dfer der Figur eines knieenden Bergmanns in der Arbeitskleidung aus dem XX Jahrhundert, Bermann-Galauniforme pr\u00e4sentiert. Ein Reflex des Vorhandenseins der Bergbauindustrie in der Stadt ist eine Replik des H\u00fcttenofens mit einem daran arbeitenden H\u00fcttenmann. Zur Verf\u00fcgung der G\u00e4ste steht auch ein interaktiver \u201eInfo Kiosk\u201d, mit Hilfe dessen z.B. E-Mails verschickt werden k\u00f6nnen aber man kann auch sein Wissen (bei der L\u00f6sung eines Quiz) pr\u00fcfen oder seine Neugier befriedigen (indem man zahlreiche Filme zur Geschichte des \u201eMicha\u0142\u201d-Bergwerks sieht).<\/p>\n<p>Im Kellergescho\u00df k\u00f6nnen die Besucher sehen, wie eine Grubenstrecke aussah und auch den Schatzmeister pers\u00f6nlich treffen. \u00dcber die Geschichte Schlesiens und des Bergwerks erz\u00e4hlt ein virtueller Bergmann und eine interaktive Pr\u00e4sentation, die auf die Bewegung der Besucher reagiert, erlaubt ihnen, sowohl das ehemalige \u2013 industrielle Siemianowitz, als auch das jetzige Angesicht der Stadt kennenzulernen. Es lohnt sich auch, auf den Fu\u00dfboden aufmerksam zu werden, auf welchem sich eine Karte befindet, die das alte Stadtzentrum von Siemianowitz widerspiegelt. In Schaukasten wird Ausr\u00fcstung gezeigt, die ehemals im Bergbau benutzt wurde: man kann also ein Sauerstoffger\u00e4t, ein Telefon zur Kommunikation mit Bergm\u00e4nner, die unter Tage arbeiten, und Barten der Bergm\u00e4nner, also speziell geschm\u00fcckte Grubenbeilen sehen. In h\u00f6heren Geschossen ist ein moderner und ausgezeichnet ausgestatteter Zuschauerraum f\u00fcr 160 Personen entstanden, der ein Platz f\u00fcr Konzerte, Vorf\u00fchrungen, Konferenzen, Filmvorf\u00fchrungen und anderer k\u00fcnstlerischen und intellektuellen Ereignissen wird.<\/p>\n<p>Das Gel\u00e4nde um das Geb\u00e4ude und \u201eKrystyn\u201d-Schachtturm herum wurde so bewirtschaftet, dass verschiedene Bed\u00fcrfnisse sowohl der Stadtbewohner als auch der Siemianowitz besuchenden G\u00e4ste befriedigt werden. Es wurden auch 60 kostenlose Parkpl\u00e4tze zur Verf\u00fcgung gestellt; das Gel\u00e4nde eignet sich ausgezeichnet zum Spazieren und Zeitvertreib im Freien und erlaubt das Organisieren von gro\u00dfen Au\u00dfenveranstaltungen. Der \u201eKrystyn\u201d-F\u00f6rderturm ist in der Nacht imponierend beleuchtet, wodurch er zum zweifellosen Schmuckelement des Michalkowitz-Stadtviertels wurde.[\/vc_column_text][vc_empty_space height=&#8221;1px&#8221;][\/vc_column][\/vc_row]<\/p>\n","protected":false},"excerpt":{"rendered":"<p>[vc_row][vc_column][vc_row_inner][vc_column_inner width=&#8221;1\/4&#8243;][vc_column_text] SCK &#8211; Park Tradycji ul. E. Orzeszkowej 12 41-103 Siemianowice \u015al\u0105skie [\/vc_column_text][\/vc_column_inner][vc_column_inner width=&#8221;1\/4&#8243;][vc_column_text] Kontakt (+48) 512 115 847 parktradycji@siemck.pl[\/vc_column_text][\/vc_column_inner][vc_column_inner width=&#8221;1\/4&#8243;][vc_column_text] \u00d6ffnungszeiten: Montag \u2013 Freitag: 8.00 \u2013 16.00 Samstag \u2013 Sonntag: w\u00e4hrend der Veranstaltungszeiten[\/vc_column_text][\/vc_column_inner][vc_column_inner width=&#8221;1\/4&#8243;][vc_column_text][\/vc_column_text][\/vc_column_inner][\/vc_row_inner][vc_column_inner width=&#8221;1\/4&#8243;][\/vc_column_inner][vc_column_inner width=&#8221;1\/4&#8243;][\/vc_column_inner][vc_column_inner width=&#8221;1\/4&#8243;][\/vc_column_inner][vc_column_inner width=&#8221;1\/4&#8243;][\/vc_column_inner][\/vc_column][\/vc_row][vc_row][vc_column][vc_separator][\/vc_column][\/vc_row][vc_row][vc_column][vc_column_text][vc_gmaps link=&#8221;#E-8_JTNDaWZyYW1lJTIwc3JjJTNEJTIyaHR0cHMlM0ElMkYlMkZ3d3cuZ29vZ2xlLmNvbSUyRm1hcHMlMkZlbWJlZCUzRnBiJTNEJTIxMW0xOCUyMTFtMTIlMjExbTMlMjExZDI1NDcuNTk1MzYyOTQ5MjA5JTIxMmQxOS4wMDY0ODk4MTYwMDM2OTMlMjEzZDUwLjMxODE0Mjg3OTQ1NzI5JTIxMm0zJTIxMWYwJTIxMmYwJTIxM2YwJTIxM20yJTIxMWkxMDI0JTIxMmk3NjglMjE0ZjEzLjElMjEzbTMlMjExbTIlMjExczB4NDcxNmQyMjk2ZmNjYjhmNyUyNTNBMHg0NjExNTJkYjcxZGM4NDhhJTIxMnNTaWVtaWFub3dpY2tpZSUyQkNlbnRydW0lMkJLdWx0dXJ5JTI1MkMlMkJQYXJrJTJCVHJhZHljamklMjE1ZTAlMjEzbTIlMjExc2VuJTIxMnN1cyUyMTR2MTQ5MDczMDU4Mjk2OSUyMiUyMHdpZHRoJTNEJTIyNjAwJTIyJTIwaGVpZ2h0JTNEJTIyMjUwJTIyJTIwZnJhbWVib3JkZXIlM0QlMjIwJTIyJTIwc3R5bGUlM0QlMjJib3JkZXIlM0EwJTIyJTIwYWxsb3dmdWxsc2NyZWVuJTNFJTNDJTJGaWZyYW1lJTNF&#8221;] [\/vc_column_text][vc_gallery type=&#8221;nivo&#8221; interval=&#8221;5&#8243; images=&#8221;4283,4280,4281,4278,4282&#8243; img_size=&#8221;998\u00d7553&#8243; onclick=&#8221;&#8221; css_animation=&#8221;fadeIn&#8221;][vc_column_text] FR\u00dcHER Der Traditionspark ist ein industrielles Objekt, [&hellip;]<\/p>\n","protected":false},"author":1,"featured_media":0,"parent":0,"menu_order":0,"comment_status":"closed","ping_status":"closed","template":"page_fullwidth.php","meta":[],"_links":{"self":[{"href":"https:\/\/www.siemck.pl\/wp-json\/wp\/v2\/pages\/21760"}],"collection":[{"href":"https:\/\/www.siemck.pl\/wp-json\/wp\/v2\/pages"}],"about":[{"href":"https:\/\/www.siemck.pl\/wp-json\/wp\/v2\/types\/page"}],"author":[{"embeddable":true,"href":"https:\/\/www.siemck.pl\/wp-json\/wp\/v2\/users\/1"}],"replies":[{"embeddable":true,"href":"https:\/\/www.siemck.pl\/wp-json\/wp\/v2\/comments?post=21760"}],"version-history":[{"count":10,"href":"https:\/\/www.siemck.pl\/wp-json\/wp\/v2\/pages\/21760\/revisions"}],"predecessor-version":[{"id":25188,"href":"https:\/\/www.siemck.pl\/wp-json\/wp\/v2\/pages\/21760\/revisions\/25188"}],"wp:attachment":[{"href":"https:\/\/www.siemck.pl\/wp-json\/wp\/v2\/media?parent=21760"}],"curies":[{"name":"wp","href":"https:\/\/api.w.org\/{rel}","templated":true}]}}