{"id":2159,"date":"2017-03-18T17:59:01","date_gmt":"2017-03-18T16:59:01","guid":{"rendered":"http:\/\/siemck.sac.pl\/?page_id=2159"},"modified":"2022-04-02T22:59:12","modified_gmt":"2022-04-02T20:59:12","slug":"pliki-cookies","status":"publish","type":"page","link":"https:\/\/www.siemck.pl\/pliki-cookies\/","title":{"rendered":"Strona korzysta z plik\u00f3w Cookies"},"content":{"rendered":"<p>Nasza witryna wykorzystuje plki cookie w celu prowadzenia statystyk popularno\u015bci witryny interentowej, za pomoc\u0105 mechanizmu Google Analytics.<\/p>\n<h3>Co to s\u0105 pliki cookie?<\/h3>\n<p>Pliki cookie to ma\u0142e pliki tworzone przez witryny internetowe i zachowywane na dysku twardym komputera. Przy otwarciu witryny wymagaj\u0105cej u\u017cycia plik\u00f3w cookie, zg\u0142asza ona przegl\u0105darce konieczno\u015b\u0107 zachowania takiego pliku na dysku. Po ponownym otwarciu tej samej strony przegl\u0105darka wysy\u0142a nale\u017c\u0105cy do niej zachowany plik cookie.<\/p>\n<p>W plikach cookie mog\u0105 by\u0107 przechowywane informacje identyfikuj\u0105ce u\u017cytkownika. Witryna ma dost\u0119p tylko do informacji podanych przez u\u017cytkownika lub przegl\u0105dark\u0119. Na przyk\u0142ad witryna nie mo\u017ce pozna\u0107 adresu e-mail u\u017cytkownika, je\u015bli ten jej go nie poda. Inne informacje zawarte na komputerze nie s\u0105 dost\u0119pne dla stron internetowych.<\/p>\n<p>Pliki cookie pomagaj\u0105 witrynom identyfikowa\u0107 u\u017cytkownika podczas kolejnych wizyt, dzi\u0119ki czemu witryna ma mo\u017cliwo\u015b\u0107 dostosowywania us\u0142ugi i informacji do odpowiednich preferencji.<\/p>\n<h3>Zarz\u0105dzanie plikami cookie<\/h3>\n<p>Domy\u015blnie przegl\u0105darki internetowe przyjmuj\u0105 pliki cookie tylko od odwiedzanych witryn. Je\u015bli chcesz, mo\u017cesz zmieni\u0107 preferencje obs\u0142ugi plik\u00f3w cookie w ustawieniach swojej przegl\u0105darki, aby w\u0142\u0105czy\u0107 blokowanie lub przyjmowanie wszystkich plik\u00f3w tego typu. Zmiana preferencji plik\u00f3w cookie lub usuni\u0119cie plik\u00f3w mo\u017ce mie\u0107 wp\u0142yw na poprawne dzia\u0142anie niekt\u00f3rych witryn internetowych.<\/p>\n","protected":false},"excerpt":{"rendered":"<p>Nasza witryna wykorzystuje plki cookie w celu prowadzenia statystyk popularno\u015bci witryny interentowej, za pomoc\u0105 mechanizmu Google Analytics. Co to s\u0105 pliki cookie? Pliki cookie to ma\u0142e pliki tworzone przez witryny internetowe i zachowywane na dysku twardym komputera. Przy otwarciu witryny wymagaj\u0105cej u\u017cycia plik\u00f3w cookie, zg\u0142asza ona przegl\u0105darce konieczno\u015b\u0107 zachowania takiego pliku na dysku. Po ponownym [&hellip;]<\/p>\n","protected":false},"author":1,"featured_media":0,"parent":0,"menu_order":0,"comment_status":"closed","ping_status":"closed","template":"page_fullwidth.php","meta":[],"_links":{"self":[{"href":"https:\/\/www.siemck.pl\/wp-json\/wp\/v2\/pages\/2159"}],"collection":[{"href":"https:\/\/www.siemck.pl\/wp-json\/wp\/v2\/pages"}],"about":[{"href":"https:\/\/www.siemck.pl\/wp-json\/wp\/v2\/types\/page"}],"author":[{"embeddable":true,"href":"https:\/\/www.siemck.pl\/wp-json\/wp\/v2\/users\/1"}],"replies":[{"embeddable":true,"href":"https:\/\/www.siemck.pl\/wp-json\/wp\/v2\/comments?post=2159"}],"version-history":[{"count":9,"href":"https:\/\/www.siemck.pl\/wp-json\/wp\/v2\/pages\/2159\/revisions"}],"predecessor-version":[{"id":4847,"href":"https:\/\/www.siemck.pl\/wp-json\/wp\/v2\/pages\/2159\/revisions\/4847"}],"wp:attachment":[{"href":"https:\/\/www.siemck.pl\/wp-json\/wp\/v2\/media?parent=2159"}],"curies":[{"name":"wp","href":"https:\/\/api.w.org\/{rel}","templated":true}]}}