{"id":10745,"date":"2019-01-18T14:12:44","date_gmt":"2019-01-18T13:12:44","guid":{"rendered":"https:\/\/siemck.pl\/?page_id=10745"},"modified":"2023-02-10T11:51:02","modified_gmt":"2023-02-10T10:51:02","slug":"zajecia-popoludniowe","status":"publish","type":"page","link":"https:\/\/www.siemck.pl\/zajecia-popoludniowe\/","title":{"rendered":"Zaj\u0119cia indywidualne"},"content":{"rendered":"<p>Pracownia Zaj\u0119\u0107 Kreatywnych H2O zaprasza r\u00f3wnie\u017c uczestnik\u00f3w indywidualnych oraz grupy do 15 os\u00f3b :<\/p>\n<p><span class=\"_5mfr\"><span class=\"_6qdm\">&#x203c;&#xfe0f;<\/span><\/span> w pi\u0105tki o godz. 17.00 zapraszamy dzieci 5 &#8211; 7 lat<br \/>\n<span class=\"_5mfr\"><span class=\"_6qdm\">&#x203c;&#xfe0f;<\/span><\/span> w soboty o godz. 11.00 zapraszamy od 8 do 100 lat.<\/p>\n<p>Koszt zaj\u0119\u0107: 25 z\u0142<\/p>\n<p>Bilety:<\/p>\n<p><a href=\"https:\/\/sck.systembiletowy.pl\/\">online<\/a><\/p>\n<p>lub Oddzia\u0142y SCK<\/p>\n<p>Maksymalna liczba os\u00f3b: 20 os\u00f3b<\/p>\n<p>Czas trwania zaj\u0119\u0107: 60 min.<\/p>\n<p>Informacje \/ rezerwacje:<br \/>\nCelina Bagi\u0144ska-W\u0142odarek, tel.\u00a0 789-046-775<\/p>\n<p>Adres Pracowni:<br \/>\n<span class=\"s2\">I Liceum Og\u00f3lnokszta\u0142c\u0105ce im. J.\u015aniadeckiego<\/span><br \/>\nul. Stanis\u0142awa Wyspia\u0144skiego 5<br \/>\n41-100 Siemianowice \u015al\u0105skie<\/p>\n","protected":false},"excerpt":{"rendered":"<p>Pracownia Zaj\u0119\u0107 Kreatywnych H2O zaprasza r\u00f3wnie\u017c uczestnik\u00f3w indywidualnych oraz grupy do 15 os\u00f3b : &#x203c;&#xfe0f; w pi\u0105tki o godz. 17.00 zapraszamy dzieci 5 &#8211; 7 lat &#x203c;&#xfe0f; w soboty o godz. 11.00 zapraszamy od 8 do 100 lat. Koszt zaj\u0119\u0107: 25 z\u0142 Bilety: online lub Oddzia\u0142y SCK Maksymalna liczba os\u00f3b: 20 os\u00f3b Czas trwania zaj\u0119\u0107: [&hellip;]<\/p>\n","protected":false},"author":1,"featured_media":0,"parent":0,"menu_order":0,"comment_status":"closed","ping_status":"closed","template":"page_fullwidth.php","meta":[],"_links":{"self":[{"href":"https:\/\/www.siemck.pl\/wp-json\/wp\/v2\/pages\/10745"}],"collection":[{"href":"https:\/\/www.siemck.pl\/wp-json\/wp\/v2\/pages"}],"about":[{"href":"https:\/\/www.siemck.pl\/wp-json\/wp\/v2\/types\/page"}],"author":[{"embeddable":true,"href":"https:\/\/www.siemck.pl\/wp-json\/wp\/v2\/users\/1"}],"replies":[{"embeddable":true,"href":"https:\/\/www.siemck.pl\/wp-json\/wp\/v2\/comments?post=10745"}],"version-history":[{"count":19,"href":"https:\/\/www.siemck.pl\/wp-json\/wp\/v2\/pages\/10745\/revisions"}],"predecessor-version":[{"id":22515,"href":"https:\/\/www.siemck.pl\/wp-json\/wp\/v2\/pages\/10745\/revisions\/22515"}],"wp:attachment":[{"href":"https:\/\/www.siemck.pl\/wp-json\/wp\/v2\/media?parent=10745"}],"curies":[{"name":"wp","href":"https:\/\/api.w.org\/{rel}","templated":true}]}}