{"id":10743,"date":"2019-01-18T14:12:18","date_gmt":"2019-01-18T13:12:18","guid":{"rendered":"https:\/\/siemck.pl\/?page_id=10743"},"modified":"2023-01-25T11:06:00","modified_gmt":"2023-01-25T10:06:00","slug":"przedszkola-i-szkoly","status":"publish","type":"page","link":"https:\/\/www.siemck.pl\/przedszkola-i-szkoly\/","title":{"rendered":"Przedszkola i Szko\u0142y"},"content":{"rendered":"<p>[vc_row][vc_column][vc_column_text]<\/p>\n<p>[\/vc_column_text][\/vc_column][\/vc_row][vc_row][vc_column][vc_column_text]<\/p>\n<h2>PRZEDSZKOLA<\/h2>\n<p>Zaj\u0119cia dla grup przedszkolnych (dzieci w wieku 5-6 lat), s\u0105 przede wszystkim pe\u0142ne zabawy. Opr\u00f3cz waloru rozrywkowego zaj\u0119cia spe\u0142niaj\u0105 r\u00f3wnie\u017c rol\u0119 edukacyjn\u0105. Wiedza przekazywana przez Pana Majsterklepk\u0119 jest dostosowana do wieku dzieci oraz ich potrzeb. Pracownia pozwala budzi\u0107 w przedszkolakach poczucie bycia odkrywc\u0105 i eksperymentatorem. Przy u\u017cyciu specjalnie przygotowanych specjalistycznych stanowisk dzieci odkrywaj\u0105 \u015bwiat nauk \u015bcis\u0142ych, \u0142\u0105cz\u0105c tym samym zabaw\u0119 oraz nauk\u0119.<\/p>\n<p><strong>Koszt zaj\u0119\u0107<\/strong><\/p>\n<p>Koszt bilet\u00f3w <strong>dla przedszkoli i szk\u00f3\u0142<\/strong>\u00a0<strong> wynosi 25 z\u0142\/1 osoba.<\/strong><\/p>\n<p>Bilety mo\u017cna naby\u0107 w oddziale SCK \u2013 Bytk\u00f3w, ul. Niepodleg\u0142o\u015bci 45 w Siemianowicach \u015al\u0105skich lub dokonuj\u0105c przelew na konto: 33 1050 1214 1000 0023 4123 1187.<\/p>\n<p>Maksymalna liczba dzieci (kt\u00f3re na co dzie\u0144 przebywaj\u0105 ze sob\u0105 w przestrzeni przedszkolnej)\u00a0 w grupie: 20 os\u00f3b.<br \/>\nCzas trwania zaj\u0119\u0107: 60 min.<\/p>\n<h2>SZKO\u0141Y<\/h2>\n<p><strong>Klasy 1-6<\/strong><\/p>\n<p>To, czego dzieci dowiaduj\u0105 si\u0119 na lekcjach przyrody, w pracowni \u201eH2O\u201d maj\u0105 okazj\u0119 dotkn\u0105\u0107: zjawiska magnetyczne, zagadnienia zwi\u0105zane z pr\u0105dem elektrycznym, \u015bwiat\u0142em i optyk\u0105.<\/p>\n<p>Dostosowujemy program warsztat\u00f3w do potrzeb nauczyciela, dobieraj\u0105c zgodne z oczekiwaniami proporcje mi\u0119dzy nauk\u0105 i zabaw\u0105.<\/p>\n<p>G\u0142\u00f3wna arena naszych dzia\u0142a\u0144 \u2013 magnetyczna platforma z ekranem \u2013 umo\u017cliwia samodzielne eksperymentowanie i jednocze\u015bnie dostarcza wiedzy dotycz\u0105cej przeprowadzanych na niej do\u015bwiadcze\u0144.<\/p>\n<p>Oryginalny, wizualny system, kt\u00f3ry wykorzystujemy, gwarantuje dzieciom \u201ekonstrukcyjny sukces\u201d nawet w przypadku bardzo z\u0142o\u017conych projekt\u00f3w.<\/p>\n<p>Uczymy si\u0119 i od razu wykorzystujemy nasz\u0105 wiedz\u0119, by stworzy\u0107, opart\u0105 na niej \u2013 zabawk\u0119, kt\u00f3ra dostarczy sporo rado\u015bci i motywacji do dalszej nauki!<\/p>\n<p>Dost\u0119pna na stanowiskach woda, para i spr\u0119\u017cone powietrze w naturalny spos\u00f3b sk\u0142aniaj\u0105 do budowy ruroci\u0105g\u00f3w i skomplikowanych instalacji, ods\u0142aniaj\u0105c w ten spos\u00f3b tajniki wiedzy na temat cieczy i gaz\u00f3w.<\/p>\n<p>Pracownia \u201eH2O\u201d to szczeg\u00f3lne miejsce, w kt\u00f3rym nasi go\u015bcie, zafascynowani odkrywaniem rzeczywisto\u015bci, przestaj\u0105 t\u0119skni\u0107 za wirtualnym \u015bwiatem.<\/p>\n<p><strong>Klasy 7-8<\/strong><\/p>\n<p>Przes\u0142anie naszej Pracowni Zaj\u0119\u0107 Kreatywnych opieramy na przekonaniu, \u017ce fizyk\u0105 mo\u017cna si\u0119 znakomicie bawi\u0107. Pomagamy odkry\u0107, \u017ce kreowanie rzeczywisto\u015bci jest du\u017co przyjemniejsze ni\u017c bierne w niej uczestnictwo.<\/p>\n<p>Poniewa\u017c tw\u00f3rcom potrzebne jest tworzywo, dostarczamy dzieciom wod\u0119, par\u0119 wodn\u0105, powietrze spr\u0119\u017cone i pr\u0105d elektryczny. Mog\u0105 nimi w dowolny spos\u00f3b eksperymentowa\u0107 na dostosowanych do tego platformach.<\/p>\n<p>Eksperymenty mechaniczne, z wykorzystaniem maszyn prostych, pozwalaj\u0105 na stworzenie, wed\u0142ug w\u0142asnej inwencji &#8211; gier zr\u0119czno\u015bciowych. Satysfakcja, \u017ce oto stali\u015bmy si\u0119 autorem gry a nie tylko \u201egraczem\u201d \u2013 jest bezcennym do\u015bwiadczeniem.<\/p>\n<p>Imponuj\u0105cy zestaw element\u00f3w elektrotechnicznych umo\u017cliwia monta\u017c niezliczonej ilo\u015bci urz\u0105dze\u0144 \u2013 ilustruj\u0105cych zjawiska zwi\u0105zane z pr\u0105dem elektrycznym i magnetyzmem.<\/p>\n<p>Dost\u0119pny tylko w naszej pracowni (bo wyprodukowany w jednym egzemplarzu!) unikatowy komplet modu\u0142\u00f3w elektronicznych \u2013 przybli\u017ca m\u0142odzie\u017cy mechanizmy i spos\u00f3b dzia\u0142ania urz\u0105dze\u0144, z kt\u00f3rych korzystamy na co dzie\u0144.<\/p>\n<p>Zestawy do optycznych do\u015bwiadcze\u0144 sk\u0142aniaj\u0105 do refleksji nad natur\u0105 \u015bwiat\u0142a. Ilustracja z\u0142udze\u0144, jakim ulegamy obserwuj\u0105c \u015bwiat, wywo\u0142uje zdziwienie i budzi ciekawo\u015b\u0107, stan jak\u017ce po\u017c\u0105dany! Pocz\u0105tek wszelkiego poznania.<\/p>\n<p>Dzi\u0119ki stanowisku do hydraulicznych do\u015bwiadcze\u0144 mo\u017cemy poprzez analogi\u0119 do zachowa\u0144 cieczy w ruroci\u0105gach \u2013 wyja\u015bni\u0107 w prosty spos\u00f3b zjawiska zachodz\u0105ce w obwodach elektrycznych.<\/p>\n<p>Nasza pracownia wychodzi naprzeciw pedagogom i rodzicom, kt\u00f3rych niepokoi p\u0142aski i wirtualny \u015bwiat zagarniaj\u0105cy wyobra\u017ani\u0119 m\u0142odych ludzi. Proponujemy im powr\u00f3t do fantastycznej przygody w \u015bwiecie rzeczywistym.<\/p>\n<p>Pracownia Zaj\u0119\u0107 Kreatywnych \u201eH2O\u201d mo\u017ce stanowi\u0107 doskona\u0142e uzupe\u0142nienie zaj\u0119\u0107 prowadzonych w ramach \u201elekcji kreatywno\u015bci\u201d \u2013 dodatkowej godziny przewidzianej w programie szkolnym z my\u015bl\u0105 o m\u0142odzie\u017cy pragn\u0105cej poszerza\u0107 swoje horyzonty.[\/vc_column_text][\/vc_column][\/vc_row][vc_row][vc_column width=&#8221;1\/2&#8243;][vc_column_text]<\/p>\n<p class=\"p1\"><span class=\"s1\"><b>Kontakt<\/b><\/span><\/p>\n<p class=\"p2\"><span class=\"s2\">Informacje \/ rezerwacje:<br \/>\nCelina Bagi\u0144ska-W\u0142odarek, tel. 789 046 775<\/span><\/p>\n<p>[\/vc_column_text][\/vc_column][vc_column width=&#8221;1\/2&#8243;][vc_column_text]<strong><span class=\"s2\">Adres Pracowni<\/span><\/strong><\/p>\n<p><span class=\"s2\">I Liceum Og\u00f3lnokszta\u0142c\u0105ce im. J.\u015aniadeckiego<br \/>\nul. Stanis\u0142awa Wyspia\u0144skiego 5<br \/>\n41-100 Siemianowice \u015al\u0105skie<\/span>[\/vc_column_text][\/vc_column][\/vc_row][vc_row][vc_column][vc_gmaps link=&#8221;#E-8_JTNDaWZyYW1lJTIwc3JjJTNEJTIyaHR0cHMlM0ElMkYlMkZ3d3cuZ29vZ2xlLmNvbSUyRm1hcHMlMkZlbWJlZCUzRnBiJTNEJTIxMW0xOCUyMTFtMTIlMjExbTMlMjExZDI1NDguNDEyMTkwNjU1MDAxMyUyMTJkMTkuMDI2MzUxNjE1NzI2MDUlMjEzZDUwLjMwMjg5OTQ3OTQ1NTIzNSUyMTJtMyUyMTFmMCUyMTJmMCUyMTNmMCUyMTNtMiUyMTFpMTAyNCUyMTJpNzY4JTIxNGYxMy4xJTIxM20zJTIxMW0yJTIxMXMweDQ3MTZkMTk0NjE1ZWRmNWIlMjUzQTB4NDhhODk2ZmM0MzliOGIxZCUyMTJzTGljZXVtJTJCT2clMjVDMyUyNUIzbG5va3N6dGElMjVDNSUyNTgyYyUyNUM0JTI1ODVjZSUyQm5yJTJCSSUyQmltLiUyQkouJTJCJTI1QzUlMjU5QW5pYWRlY2tpZWdvJTIxNWUwJTIxM20yJTIxMXNwbCUyMTJzcGwlMjE0djE1NDc4MTk1NzMzNzAlMjIlMjB3aWR0aCUzRCUyMjEwMzAlMjIlMjBoZWlnaHQlM0QlMjI0MDAlMjIlMjBmcmFtZWJvcmRlciUzRCUyMjAlMjIlMjBzdHlsZSUzRCUyMmJvcmRlciUzQTAlMjIlMjBhbGxvd2Z1bGxzY3JlZW4lM0UlM0MlMkZpZnJhbWUlM0U=&#8221;][\/vc_column][\/vc_row]<\/p>\n","protected":false},"excerpt":{"rendered":"<p>[vc_row][vc_column][vc_column_text] [\/vc_column_text][\/vc_column][\/vc_row][vc_row][vc_column][vc_column_text] PRZEDSZKOLA Zaj\u0119cia dla grup przedszkolnych (dzieci w wieku 5-6 lat), s\u0105 przede wszystkim pe\u0142ne zabawy. Opr\u00f3cz waloru rozrywkowego zaj\u0119cia spe\u0142niaj\u0105 r\u00f3wnie\u017c rol\u0119 edukacyjn\u0105. Wiedza przekazywana przez Pana Majsterklepk\u0119 jest dostosowana do wieku dzieci oraz ich potrzeb. Pracownia pozwala budzi\u0107 w przedszkolakach poczucie bycia odkrywc\u0105 i eksperymentatorem. Przy u\u017cyciu specjalnie przygotowanych specjalistycznych stanowisk dzieci [&hellip;]<\/p>\n","protected":false},"author":1,"featured_media":0,"parent":0,"menu_order":0,"comment_status":"closed","ping_status":"closed","template":"page_fullwidth.php","meta":[],"_links":{"self":[{"href":"https:\/\/www.siemck.pl\/wp-json\/wp\/v2\/pages\/10743"}],"collection":[{"href":"https:\/\/www.siemck.pl\/wp-json\/wp\/v2\/pages"}],"about":[{"href":"https:\/\/www.siemck.pl\/wp-json\/wp\/v2\/types\/page"}],"author":[{"embeddable":true,"href":"https:\/\/www.siemck.pl\/wp-json\/wp\/v2\/users\/1"}],"replies":[{"embeddable":true,"href":"https:\/\/www.siemck.pl\/wp-json\/wp\/v2\/comments?post=10743"}],"version-history":[{"count":24,"href":"https:\/\/www.siemck.pl\/wp-json\/wp\/v2\/pages\/10743\/revisions"}],"predecessor-version":[{"id":22364,"href":"https:\/\/www.siemck.pl\/wp-json\/wp\/v2\/pages\/10743\/revisions\/22364"}],"wp:attachment":[{"href":"https:\/\/www.siemck.pl\/wp-json\/wp\/v2\/media?parent=10743"}],"curies":[{"name":"wp","href":"https:\/\/api.w.org\/{rel}","templated":true}]}}